{"id":972,"date":"2021-11-04T12:18:19","date_gmt":"2021-11-04T12:18:19","guid":{"rendered":"https:\/\/linhaambiente-beta.ynexus.com\/?page_id=972"},"modified":"2022-03-14T15:35:45","modified_gmt":"2022-03-14T15:35:45","slug":"venda-exportacao-papel-cartao","status":"publish","type":"page","link":"https:\/\/dev.linhambiente.pt\/en\/materials\/waste-paper-sale\/","title":{"rendered":"Waste Paper Sale"},"content":{"rendered":"<div class=\"vc_row wpb_row vc_row-fluid vc_custom_1639661435517\"><div class=\"wpb_column vc_column_container vc_col-sm-12\"><div class=\"vc_column-inner\"><div class=\"wpb_wrapper\">\n\t<div class=\"wpb_text_column wpb_content_element  vc_custom_1639743452935\" >\n\t\t<div class=\"wpb_wrapper\">\n\t\t\t<p style=\"text-align: justify;\"><span style=\"color: #000000;\">We sell different types of waste paper. On a regular basis, the most common are:<\/span><\/p>\n\n\t\t<\/div>\n\t<\/div>\n\n<div class=\"vc_grid-container-wrapper vc_clearfix vc_grid-animation-fadeIn\">\n\t<div class=\"vc_grid-container vc_clearfix wpb_content_element vc_media_grid\" data-initial-loading-animation=\"fadeIn\" data-vc-grid-settings=\"{&quot;page_id&quot;:972,&quot;style&quot;:&quot;all&quot;,&quot;action&quot;:&quot;vc_get_vc_grid_data&quot;,&quot;shortcode_id&quot;:&quot;1647271882653-af1e822830a0ce997aee50081100ea04-6&quot;,&quot;tag&quot;:&quot;vc_media_grid&quot;}\" data-vc-request=\"https:\/\/dev.linhambiente.pt\/wp-admin\/admin-ajax.php\" data-vc-post-id=\"972\" data-vc-public-nonce=\"9b4c4ac131\">\n\t\t\n\t<\/div>\n<\/div>\n\t<div class=\"wpb_text_column wpb_content_element  vc_custom_1639743465792\" >\n\t\t<div class=\"wpb_wrapper\">\n\t\t\t<p data-renderer-start-pos=\"11331\"><span style=\"color: #000000;\"><strong>Contact us to find out more.<\/strong><\/span><\/p>\n<p data-renderer-start-pos=\"11362\"><span style=\"color: #000000;\">The environment thanks you.<\/span><\/p>\n\n\t\t<\/div>\n\t<\/div>\n<\/div><\/div><\/div><\/div><div data-vc-full-width=\"true\" data-vc-full-width-init=\"false\" class=\"vc_row wpb_row vc_row-fluid vc_custom_1632408959763 vc_row-has-fill\"><div class=\"wpb_column vc_column_container vc_col-sm-12\"><div class=\"vc_column-inner\"><div class=\"wpb_wrapper\"><div id=\"ultimate-heading-85469e640c1ef2bc\" class=\"uvc-heading ult-adjust-bottom-margin ultimate-heading-85469e640c1ef2bc uvc-1825  uvc-heading-default-font-sizes\" data-hspacer=\"no_spacer\"  data-halign=\"center\" style=\"text-align:center\"><div class=\"uvc-heading-spacer no_spacer\" style=\"top\"><\/div><div class=\"uvc-main-heading ult-responsive\"  data-ultimate-target='.uvc-heading.ultimate-heading-85469e640c1ef2bc h3'  data-responsive-json-new='{\"font-size\":\"\",\"line-height\":\"\"}' ><h3 style=\"font-weight:bold;color:#000000;margin-bottom:20px;\">For more information or quote requests<\/h3><\/div><\/div><style type=\"text\/css\" data-type=\"the7_shortcodes-inline-css\">#default-btn-88fb76a5132a3c63517a36c0dc76ff44.ico-right-side > i {\n  margin-right: 0px;\n  margin-left: 8px;\n}\n#default-btn-88fb76a5132a3c63517a36c0dc76ff44 > i {\n  margin-right: 8px;\n}\n<\/style><div class=\"btn-align-center\"><a href=\"https:\/\/linhambiente.pt\/contactos\/\" class=\"default-btn-shortcode dt-btn dt-btn-l link-hover-off  vc_custom_1639743472752\" id=\"default-btn-88fb76a5132a3c63517a36c0dc76ff44\" title=\"Contacts\"><i class=\"far fa-comments\"><\/i><span>Contact us<\/span><\/a><\/div>\n\t<div class=\"wpb_text_column wpb_content_element\" >\n\t\t<div class=\"wpb_wrapper\">\n\t\t\t<p style=\"text-align: center;\"><span style=\"color: #000000;\">Or send us an email to <strong><a style=\"color: #000000; text-decoration: none;\" href=\"mailto:geral@linhambiente.pt\">geral@linhambiente.pt<\/a><\/strong><\/span><\/p>\n\n\t\t<\/div>\n\t<\/div>\n<\/div><\/div><\/div><\/div><div class=\"vc_row-full-width vc_clearfix\"><\/div>","protected":false},"excerpt":{"rendered":"<p>Vendemos diferentes tipos de cart\u00e3o e papel em fardo. De forma regular, os mais habituais s\u00e3o: Contacte-nos para saber mais. O Ambiente agradece. Para mais Informa\u00e7\u00f5es ou Pedidos de Or\u00e7amento Ou envie-nos um email para geral@linhambiente.pt<\/p>","protected":false},"author":1,"featured_media":0,"parent":765,"menu_order":25,"comment_status":"closed","ping_status":"closed","template":"","meta":{"footnotes":""},"class_list":["post-972","page","type-page","status-publish","hentry","description-off"],"_links":{"self":[{"href":"https:\/\/dev.linhambiente.pt\/en\/wp-json\/wp\/v2\/pages\/972","targetHints":{"allow":["GET"]}}],"collection":[{"href":"https:\/\/dev.linhambiente.pt\/en\/wp-json\/wp\/v2\/pages"}],"about":[{"href":"https:\/\/dev.linhambiente.pt\/en\/wp-json\/wp\/v2\/types\/page"}],"author":[{"embeddable":true,"href":"https:\/\/dev.linhambiente.pt\/en\/wp-json\/wp\/v2\/users\/1"}],"replies":[{"embeddable":true,"href":"https:\/\/dev.linhambiente.pt\/en\/wp-json\/wp\/v2\/comments?post=972"}],"version-history":[{"count":15,"href":"https:\/\/dev.linhambiente.pt\/en\/wp-json\/wp\/v2\/pages\/972\/revisions"}],"predecessor-version":[{"id":1444,"href":"https:\/\/dev.linhambiente.pt\/en\/wp-json\/wp\/v2\/pages\/972\/revisions\/1444"}],"up":[{"embeddable":true,"href":"https:\/\/dev.linhambiente.pt\/en\/wp-json\/wp\/v2\/pages\/765"}],"wp:attachment":[{"href":"https:\/\/dev.linhambiente.pt\/en\/wp-json\/wp\/v2\/media?parent=972"}],"curies":[{"name":"wp","href":"https:\/\/api.w.org\/{rel}","templated":true}]}}