{"id":968,"date":"2021-11-04T12:17:19","date_gmt":"2021-11-04T12:17:19","guid":{"rendered":"https:\/\/linhaambiente-beta.ynexus.com\/?page_id=968"},"modified":"2021-12-17T12:14:10","modified_gmt":"2021-12-17T12:14:10","slug":"recepcao-recolha-outros","status":"publish","type":"page","link":"https:\/\/dev.linhambiente.pt\/en\/materials\/reception-materials\/","title":{"rendered":"Reception of Materials"},"content":{"rendered":"<div class=\"vc_row wpb_row vc_row-fluid vc_custom_1639661019607 vc_row-o-equal-height vc_row-o-content-middle vc_row-flex\"><div class=\"wpb_column vc_column_container vc_col-sm-6\"><div class=\"vc_column-inner\"><div class=\"wpb_wrapper\"><style type=\"text\/css\" data-type=\"the7_shortcodes-inline-css\">.gallery-shortcode.gallery-masonry-shortcode-id-dce6e54137686276d3cdc4f45a07a32c figure,\n.gallery-shortcode.gallery-masonry-shortcode-id-dce6e54137686276d3cdc4f45a07a32c .rollover,\n.gallery-shortcode.gallery-masonry-shortcode-id-dce6e54137686276d3cdc4f45a07a32c img,\n.gallery-shortcode.gallery-masonry-shortcode-id-dce6e54137686276d3cdc4f45a07a32c .gallery-rollover {\n  border-radius: 0px;\n}\n.gallery-shortcode.gallery-masonry-shortcode-id-dce6e54137686276d3cdc4f45a07a32c.enable-bg-rollover .gallery-rollover {\n  background: -webkit-linear-gradient();\n  background: linear-gradient();\n}\n.gallery-shortcode.gallery-masonry-shortcode-id-dce6e54137686276d3cdc4f45a07a32c.enable-bg-rollover.hover-scale figure .rollover:after {\n  background: -webkit-linear-gradient();\n  background: linear-gradient();\n}\n.gallery-shortcode.gallery-masonry-shortcode-id-dce6e54137686276d3cdc4f45a07a32c .gallery-zoom-ico {\n  width: 44px;\n  height: 44px;\n  line-height: 44px;\n  border-radius: 100px;\n  margin: -22px 0 0 -22px;\n  border-width: 0px;\n  color: #ffffff;\n}\n.dt-icon-bg-on.gallery-shortcode.gallery-masonry-shortcode-id-dce6e54137686276d3cdc4f45a07a32c .gallery-zoom-ico {\n  background: rgba(255,255,255,0.3);\n  box-shadow: none;\n}\n.gallery-shortcode.gallery-masonry-shortcode-id-dce6e54137686276d3cdc4f45a07a32c .gallery-zoom-ico:before,\n.gallery-shortcode.gallery-masonry-shortcode-id-dce6e54137686276d3cdc4f45a07a32c .gallery-zoom-ico span {\n  font-size: 32px;\n  line-height: 44px;\n  color: #ffffff;\n}\n.gallery-shortcode.gallery-masonry-shortcode-id-dce6e54137686276d3cdc4f45a07a32c:not(.resize-by-browser-width) .dt-css-grid {\n  grid-row-gap: 10px;\n  grid-column-gap: 10px;\n  grid-template-columns: repeat(auto-fill,minmax(,1fr));\n}\n.gallery-shortcode.gallery-masonry-shortcode-id-dce6e54137686276d3cdc4f45a07a32c:not(.resize-by-browser-width) .dt-css-grid .double-width {\n  grid-column: span 2;\n}\n.cssgridlegacy.no-cssgrid .gallery-shortcode.gallery-masonry-shortcode-id-dce6e54137686276d3cdc4f45a07a32c:not(.resize-by-browser-width) .dt-css-grid,\n.no-cssgridlegacy.no-cssgrid .gallery-shortcode.gallery-masonry-shortcode-id-dce6e54137686276d3cdc4f45a07a32c:not(.resize-by-browser-width) .dt-css-grid {\n  display: flex;\n  flex-flow: row wrap;\n  margin: -5px;\n}\n.cssgridlegacy.no-cssgrid .gallery-shortcode.gallery-masonry-shortcode-id-dce6e54137686276d3cdc4f45a07a32c:not(.resize-by-browser-width) .dt-css-grid .wf-cell,\n.no-cssgridlegacy.no-cssgrid .gallery-shortcode.gallery-masonry-shortcode-id-dce6e54137686276d3cdc4f45a07a32c:not(.resize-by-browser-width) .dt-css-grid .wf-cell {\n  flex: 1 0 ;\n  max-width: 100%;\n  padding: 5px;\n  box-sizing: border-box;\n}\n.gallery-shortcode.gallery-masonry-shortcode-id-dce6e54137686276d3cdc4f45a07a32c.resize-by-browser-width .dt-css-grid {\n  grid-template-columns: repeat(2,1fr);\n  grid-template-rows: auto;\n  grid-column-gap: 10px;\n  grid-row-gap: 10px;\n}\n.gallery-shortcode.gallery-masonry-shortcode-id-dce6e54137686276d3cdc4f45a07a32c.resize-by-browser-width .dt-css-grid .double-width {\n  grid-column: span 2;\n}\n.cssgridlegacy.no-cssgrid .gallery-shortcode.gallery-masonry-shortcode-id-dce6e54137686276d3cdc4f45a07a32c.resize-by-browser-width .dt-css-grid {\n  margin: -5px;\n}\n.cssgridlegacy.no-cssgrid .gallery-shortcode.gallery-masonry-shortcode-id-dce6e54137686276d3cdc4f45a07a32c.resize-by-browser-width .dt-css-grid .wf-cell {\n  width: 50%;\n  padding: 5px;\n}\n.cssgridlegacy.no-cssgrid .gallery-shortcode.gallery-masonry-shortcode-id-dce6e54137686276d3cdc4f45a07a32c.resize-by-browser-width .dt-css-grid .wf-cell.double-width {\n  width: calc(50%) * 2;\n}\n.gallery-shortcode.gallery-masonry-shortcode-id-dce6e54137686276d3cdc4f45a07a32c.resize-by-browser-width:not(.centered-layout-list):not(.content-bg-on) .dt-css-grid {\n  grid-row-gap: 10px - ;\n}\n@media screen and (max-width: 1199px) {\n  .gallery-shortcode.gallery-masonry-shortcode-id-dce6e54137686276d3cdc4f45a07a32c.resize-by-browser-width .dt-css-grid {\n    grid-template-columns: repeat(2,1fr);\n  }\n  .cssgridlegacy.no-cssgrid .gallery-shortcode.gallery-masonry-shortcode-id-dce6e54137686276d3cdc4f45a07a32c.resize-by-browser-width .dt-css-grid .wf-cell,\n  .no-cssgridlegacy.no-cssgrid .gallery-shortcode.gallery-masonry-shortcode-id-dce6e54137686276d3cdc4f45a07a32c.resize-by-browser-width .dt-css-grid .wf-cell {\n    width: 50%;\n  }\n  .cssgridlegacy.no-cssgrid .gallery-shortcode.gallery-masonry-shortcode-id-dce6e54137686276d3cdc4f45a07a32c.resize-by-browser-width .dt-css-grid .wf-cell.double-width,\n  .no-cssgridlegacy.no-cssgrid .gallery-shortcode.gallery-masonry-shortcode-id-dce6e54137686276d3cdc4f45a07a32c.resize-by-browser-width .dt-css-grid .wf-cell.double-width {\n    width: calc(50%)*2;\n  }\n}\n@media screen and (max-width: 991px) {\n  .gallery-shortcode.gallery-masonry-shortcode-id-dce6e54137686276d3cdc4f45a07a32c.resize-by-browser-width .dt-css-grid {\n    grid-template-columns: repeat(2,1fr);\n  }\n  .cssgridlegacy.no-cssgrid .gallery-shortcode.gallery-masonry-shortcode-id-dce6e54137686276d3cdc4f45a07a32c.resize-by-browser-width .dt-css-grid .wf-cell,\n  .no-cssgridlegacy.no-cssgrid .gallery-shortcode.gallery-masonry-shortcode-id-dce6e54137686276d3cdc4f45a07a32c.resize-by-browser-width .dt-css-grid .wf-cell {\n    width: 50%;\n  }\n  .cssgridlegacy.no-cssgrid .gallery-shortcode.gallery-masonry-shortcode-id-dce6e54137686276d3cdc4f45a07a32c.resize-by-browser-width .dt-css-grid .wf-cell.double-width,\n  .no-cssgridlegacy.no-cssgrid .gallery-shortcode.gallery-masonry-shortcode-id-dce6e54137686276d3cdc4f45a07a32c.resize-by-browser-width .dt-css-grid .wf-cell.double-width {\n    width: calc(50%)*2;\n  }\n}\n@media screen and (max-width: 767px) {\n  .gallery-shortcode.gallery-masonry-shortcode-id-dce6e54137686276d3cdc4f45a07a32c.resize-by-browser-width .dt-css-grid {\n    grid-template-columns: repeat(1,1fr);\n  }\n  .cssgridlegacy.no-cssgrid .gallery-shortcode.gallery-masonry-shortcode-id-dce6e54137686276d3cdc4f45a07a32c.resize-by-browser-width .dt-css-grid .wf-cell,\n  .no-cssgridlegacy.no-cssgrid .gallery-shortcode.gallery-masonry-shortcode-id-dce6e54137686276d3cdc4f45a07a32c.resize-by-browser-width .dt-css-grid .wf-cell {\n    width: 100%;\n  }\n  .cssgridlegacy.no-cssgrid .gallery-shortcode.gallery-masonry-shortcode-id-dce6e54137686276d3cdc4f45a07a32c.resize-by-browser-width .dt-css-grid .wf-cell.double-width,\n  .no-cssgridlegacy.no-cssgrid .gallery-shortcode.gallery-masonry-shortcode-id-dce6e54137686276d3cdc4f45a07a32c.resize-by-browser-width .dt-css-grid .wf-cell.double-width {\n    width: calc(100%)*2;\n  }\n}\n<\/style><div class=\"gallery-shortcode dt-gallery-container gallery-masonry-shortcode-id-dce6e54137686276d3cdc4f45a07a32c mode-grid jquery-filter dt-icon-bg-off quick-scale-img dt-css-grid-wrap enable-bg-rollover resize-by-browser-width  hover-fade loading-effect-none description-on-hover\" data-padding=\"5px\" data-cur-page=\"1\" data-post-limit=\"-1\" data-pagination-mode=\"none\" data-desktop-columns-num=\"2\" data-v-tablet-columns-num=\"2\" data-h-tablet-columns-num=\"2\" data-phone-columns-num=\"1\" data-width=\"0px\" data-columns=\"0\"><div class=\"dt-css-grid\" ><div class=\"wf-cell\" data-post-id=\"1206\" data-date=\"2021-12-16T13:20:37+00:00\" data-name=\"Recep\u00e7\u00e3o e Recolha de Papel e Cart\u00e3o\"><figure class=\"post visible\"><a href=\"https:\/\/dev.linhambiente.pt\/wp-content\/uploads\/2021\/12\/Linhambiente_Materiais_Recepcao_Recolha_Cartao_Fitas_Rega.jpg\" class=\"rollover dt-pswp-item layzr-bg\" data-large_image_width=\"1200\" data-large_image_height=\"673\" data-dt-img-description=\"\" title=\"Reception and Collection of Paper and Cardboard\"><img decoding=\"async\" class=\"preload-me iso-lazy-load\" src=\"data:image\/svg+xml,%3Csvg%20xmlns%3D&#39;http%3A%2F%2Fwww.w3.org%2F2000%2Fsvg&#39;%20viewBox%3D&#39;0%200%20768%20431&#39;%2F%3E\" data-src=\"https:\/\/dev.linhambiente.pt\/wp-content\/uploads\/2021\/12\/Linhambiente_Materiais_Recepcao_Recolha_Cartao_Fitas_Rega-768x431.jpg\" data-srcset=\"https:\/\/dev.linhambiente.pt\/wp-content\/uploads\/2021\/12\/Linhambiente_Materiais_Recepcao_Recolha_Cartao_Fitas_Rega-768x431.jpg 768w, https:\/\/dev.linhambiente.pt\/wp-content\/uploads\/2021\/12\/Linhambiente_Materiais_Recepcao_Recolha_Cartao_Fitas_Rega-1152x647.jpg 1152w\" alt=\"Linhambiente - Reception and Collection of Paper and Cardboard\" width=\"768\" height=\"431\"  \/><span class=\"gallery-rollover\"><span class=\"gallery-zoom-ico icomoon-the7-font-the7-zoom-06\"><span><\/span><\/span><\/span><\/a><\/figure><\/div><div class=\"wf-cell\" data-post-id=\"1207\" data-date=\"2021-12-16T13:20:39+00:00\" data-name=\"Recep\u00e7\u00e3o e Recolha de Pl\u00e1stico\"><figure class=\"post visible\"><a href=\"https:\/\/dev.linhambiente.pt\/wp-content\/uploads\/2021\/12\/Linhambiente_Materiais_Recepcao_Recolha_Plastico.jpg\" class=\"rollover dt-pswp-item layzr-bg\" data-large_image_width=\"1200\" data-large_image_height=\"673\" data-dt-img-description=\"\" title=\"Reception and Collection of Plastic\"><img decoding=\"async\" class=\"preload-me iso-lazy-load\" src=\"data:image\/svg+xml,%3Csvg%20xmlns%3D&#39;http%3A%2F%2Fwww.w3.org%2F2000%2Fsvg&#39;%20viewBox%3D&#39;0%200%20768%20431&#39;%2F%3E\" data-src=\"https:\/\/dev.linhambiente.pt\/wp-content\/uploads\/2021\/12\/Linhambiente_Materiais_Recepcao_Recolha_Plastico-768x431.jpg\" data-srcset=\"https:\/\/dev.linhambiente.pt\/wp-content\/uploads\/2021\/12\/Linhambiente_Materiais_Recepcao_Recolha_Plastico-768x431.jpg 768w, https:\/\/dev.linhambiente.pt\/wp-content\/uploads\/2021\/12\/Linhambiente_Materiais_Recepcao_Recolha_Plastico-1152x647.jpg 1152w\" alt=\"Linhambiente - Reception and Collection of Plastic\" width=\"768\" height=\"431\"  \/><span class=\"gallery-rollover\"><span class=\"gallery-zoom-ico icomoon-the7-font-the7-zoom-06\"><span><\/span><\/span><\/span><\/a><\/figure><\/div><div class=\"wf-cell\" data-post-id=\"1208\" data-date=\"2021-12-16T13:20:41+00:00\" data-name=\"Recep\u00e7\u00e3o e Recolha de Tampinhas de Pl\u00e1stico\"><figure class=\"post visible\"><a href=\"https:\/\/dev.linhambiente.pt\/wp-content\/uploads\/2021\/12\/Linhambiente_Materiais_Recepcao_Recolha_Plastico_Tampinhas.jpg\" class=\"rollover dt-pswp-item layzr-bg\" data-large_image_width=\"1200\" data-large_image_height=\"673\" data-dt-img-description=\"\" title=\"Reception and Collection of Plastic Caps\"><img decoding=\"async\" class=\"preload-me iso-lazy-load\" src=\"data:image\/svg+xml,%3Csvg%20xmlns%3D&#39;http%3A%2F%2Fwww.w3.org%2F2000%2Fsvg&#39;%20viewBox%3D&#39;0%200%20768%20431&#39;%2F%3E\" data-src=\"https:\/\/dev.linhambiente.pt\/wp-content\/uploads\/2021\/12\/Linhambiente_Materiais_Recepcao_Recolha_Plastico_Tampinhas-768x431.jpg\" data-srcset=\"https:\/\/dev.linhambiente.pt\/wp-content\/uploads\/2021\/12\/Linhambiente_Materiais_Recepcao_Recolha_Plastico_Tampinhas-768x431.jpg 768w, https:\/\/dev.linhambiente.pt\/wp-content\/uploads\/2021\/12\/Linhambiente_Materiais_Recepcao_Recolha_Plastico_Tampinhas-1152x647.jpg 1152w\" alt=\"Linhambiente - Reception and Collection of Plastic Caps\" width=\"768\" height=\"431\"  \/><span class=\"gallery-rollover\"><span class=\"gallery-zoom-ico icomoon-the7-font-the7-zoom-06\"><span><\/span><\/span><\/span><\/a><\/figure><\/div><div class=\"wf-cell\" data-post-id=\"1209\" data-date=\"2021-12-16T13:20:42+00:00\" data-name=\"Recep\u00e7\u00e3o e Recolha de Fitas e Tubos de Rega\"><figure class=\"post visible\"><a href=\"https:\/\/dev.linhambiente.pt\/wp-content\/uploads\/2021\/12\/Linhambiente_Materiais_Recepcao_Recolha_Tubos_Rega.jpg\" class=\"rollover dt-pswp-item layzr-bg\" data-large_image_width=\"1200\" data-large_image_height=\"673\" data-dt-img-description=\"\" title=\"Reception and Collection of Tapes and Irrigation Tubes\"><img decoding=\"async\" class=\"preload-me iso-lazy-load\" src=\"data:image\/svg+xml,%3Csvg%20xmlns%3D&#39;http%3A%2F%2Fwww.w3.org%2F2000%2Fsvg&#39;%20viewBox%3D&#39;0%200%20768%20431&#39;%2F%3E\" data-src=\"https:\/\/dev.linhambiente.pt\/wp-content\/uploads\/2021\/12\/Linhambiente_Materiais_Recepcao_Recolha_Tubos_Rega-768x431.jpg\" data-srcset=\"https:\/\/dev.linhambiente.pt\/wp-content\/uploads\/2021\/12\/Linhambiente_Materiais_Recepcao_Recolha_Tubos_Rega-768x431.jpg 768w, https:\/\/dev.linhambiente.pt\/wp-content\/uploads\/2021\/12\/Linhambiente_Materiais_Recepcao_Recolha_Tubos_Rega-1152x647.jpg 1152w\" alt=\"Linhambiente - Reception and Collection of Tapes and Irrigation Tubes\" width=\"768\" height=\"431\"  \/><span class=\"gallery-rollover\"><span class=\"gallery-zoom-ico icomoon-the7-font-the7-zoom-06\"><span><\/span><\/span><\/span><\/a><\/figure><\/div><\/div><!-- iso-container|iso-grid --><\/div><\/div><\/div><\/div><div class=\"wpb_column vc_column_container vc_col-sm-6\"><div class=\"vc_column-inner\"><div class=\"wpb_wrapper\">\n\t<div class=\"wpb_text_column wpb_content_element  vc_custom_1639743180561\" >\n\t\t<div class=\"wpb_wrapper\">\n\t\t\t<p data-renderer-start-pos=\"9404\"><span style=\"color: #000000;\">Do you have plastic, cardboard or other materials and don't know what to do with them? We receive these materials so you can be sure the correct environmental procedures are taken by forwarding the waste for recycling.<\/span><\/p>\n<p data-renderer-start-pos=\"9560\"><span style=\"color: #000000;\">In addition to receiving waste, we also carry out collections on site.<\/span><\/p>\n<p data-renderer-start-pos=\"9614\"><span style=\"color: #000000;\"><strong>Contact us to find out more.<\/strong><\/span><\/p>\n<p data-renderer-start-pos=\"9645\"><span style=\"color: #000000;\">The environment thanks you.<\/span><\/p>\n\n\t\t<\/div>\n\t<\/div>\n<\/div><\/div><\/div><\/div><div data-vc-full-width=\"true\" data-vc-full-width-init=\"false\" class=\"vc_row wpb_row vc_row-fluid vc_custom_1632408959763 vc_row-has-fill\"><div class=\"wpb_column vc_column_container vc_col-sm-12\"><div class=\"vc_column-inner\"><div class=\"wpb_wrapper\"><div id=\"ultimate-heading-197469e658fef0039\" class=\"uvc-heading ult-adjust-bottom-margin ultimate-heading-197469e658fef0039 uvc-202  uvc-heading-default-font-sizes\" data-hspacer=\"no_spacer\"  data-halign=\"center\" style=\"text-align:center\"><div class=\"uvc-heading-spacer no_spacer\" style=\"top\"><\/div><div class=\"uvc-main-heading ult-responsive\"  data-ultimate-target='.uvc-heading.ultimate-heading-197469e658fef0039 h3'  data-responsive-json-new='{\"font-size\":\"\",\"line-height\":\"\"}' ><h3 style=\"font-weight:bold;color:#000000;margin-bottom:20px;\">For more information or quote requests<\/h3><\/div><\/div><style type=\"text\/css\" data-type=\"the7_shortcodes-inline-css\">#default-btn-5f35e681f7dadfd0e17489c1bf598a20.ico-right-side > i {\n  margin-right: 0px;\n  margin-left: 8px;\n}\n#default-btn-5f35e681f7dadfd0e17489c1bf598a20 > i {\n  margin-right: 8px;\n}\n<\/style><div class=\"btn-align-center\"><a href=\"https:\/\/linhambiente.pt\/contactos\/\" class=\"default-btn-shortcode dt-btn dt-btn-l link-hover-off  vc_custom_1639743250157\" id=\"default-btn-5f35e681f7dadfd0e17489c1bf598a20\" title=\"Contacts\"><i class=\"far fa-comments\"><\/i><span>Contact us<\/span><\/a><\/div>\n\t<div class=\"wpb_text_column wpb_content_element\" >\n\t\t<div class=\"wpb_wrapper\">\n\t\t\t<p style=\"text-align: center;\"><span style=\"color: #000000;\">Or send us an email to <strong><a style=\"color: #000000; text-decoration: none;\" href=\"mailto:geral@linhambiente.pt\">geral@linhambiente.pt<\/a><\/strong><\/span><\/p>\n\n\t\t<\/div>\n\t<\/div>\n<\/div><\/div><\/div><\/div><div class=\"vc_row-full-width vc_clearfix\"><\/div>","protected":false},"excerpt":{"rendered":"<p>Tem pl\u00e1stico, cart\u00e3o ou outros materiais e n\u00e3o sabe o que fazer? N\u00f3s recebemos e assim tem a certeza do correcto encaminhamento ambiental para reciclagem. Para al\u00e9m de recebermos, tamb\u00e9m efectuamos recolhas. Contacte-nos para saber mais. O Ambiente agradece. Para mais Informa\u00e7\u00f5es ou Pedidos de Or\u00e7amento Ou envie-nos um email para geral@linhambiente.pt<\/p>","protected":false},"author":1,"featured_media":0,"parent":765,"menu_order":25,"comment_status":"closed","ping_status":"closed","template":"","meta":{"footnotes":""},"class_list":["post-968","page","type-page","status-publish","hentry","description-off"],"_links":{"self":[{"href":"https:\/\/dev.linhambiente.pt\/en\/wp-json\/wp\/v2\/pages\/968","targetHints":{"allow":["GET"]}}],"collection":[{"href":"https:\/\/dev.linhambiente.pt\/en\/wp-json\/wp\/v2\/pages"}],"about":[{"href":"https:\/\/dev.linhambiente.pt\/en\/wp-json\/wp\/v2\/types\/page"}],"author":[{"embeddable":true,"href":"https:\/\/dev.linhambiente.pt\/en\/wp-json\/wp\/v2\/users\/1"}],"replies":[{"embeddable":true,"href":"https:\/\/dev.linhambiente.pt\/en\/wp-json\/wp\/v2\/comments?post=968"}],"version-history":[{"count":7,"href":"https:\/\/dev.linhambiente.pt\/en\/wp-json\/wp\/v2\/pages\/968\/revisions"}],"predecessor-version":[{"id":1225,"href":"https:\/\/dev.linhambiente.pt\/en\/wp-json\/wp\/v2\/pages\/968\/revisions\/1225"}],"up":[{"embeddable":true,"href":"https:\/\/dev.linhambiente.pt\/en\/wp-json\/wp\/v2\/pages\/765"}],"wp:attachment":[{"href":"https:\/\/dev.linhambiente.pt\/en\/wp-json\/wp\/v2\/media?parent=968"}],"curies":[{"name":"wp","href":"https:\/\/api.w.org\/{rel}","templated":true}]}}