{"id":865,"date":"2021-10-18T10:00:05","date_gmt":"2021-10-18T10:00:05","guid":{"rendered":"https:\/\/linhaambiente-beta.ynexus.com\/?page_id=865"},"modified":"2021-12-27T10:50:46","modified_gmt":"2021-12-27T10:50:46","slug":"residuos-eletronicos","status":"publish","type":"page","link":"https:\/\/dev.linhambiente.pt\/en\/waste-management-services\/electronic-waste\/","title":{"rendered":"Electronic Waste (WEEE only)"},"content":{"rendered":"<div class=\"vc_row wpb_row vc_row-fluid vc_custom_1639591267623 vc_row-o-equal-height vc_row-o-content-middle vc_row-flex\"><div class=\"wpb_column vc_column_container vc_col-sm-6\"><div class=\"vc_column-inner\"><div class=\"wpb_wrapper\"><style type=\"text\/css\" data-type=\"the7_shortcodes-inline-css\">.gallery-shortcode.gallery-masonry-shortcode-id-64ac031790f0d011961b447064691be1 figure,\n.gallery-shortcode.gallery-masonry-shortcode-id-64ac031790f0d011961b447064691be1 .rollover,\n.gallery-shortcode.gallery-masonry-shortcode-id-64ac031790f0d011961b447064691be1 img,\n.gallery-shortcode.gallery-masonry-shortcode-id-64ac031790f0d011961b447064691be1 .gallery-rollover {\n  border-radius: 0px;\n}\n.gallery-shortcode.gallery-masonry-shortcode-id-64ac031790f0d011961b447064691be1.enable-bg-rollover .gallery-rollover {\n  background: -webkit-linear-gradient();\n  background: linear-gradient();\n}\n.gallery-shortcode.gallery-masonry-shortcode-id-64ac031790f0d011961b447064691be1.enable-bg-rollover.hover-scale figure .rollover:after {\n  background: -webkit-linear-gradient();\n  background: linear-gradient();\n}\n.gallery-shortcode.gallery-masonry-shortcode-id-64ac031790f0d011961b447064691be1 .gallery-zoom-ico {\n  width: 44px;\n  height: 44px;\n  line-height: 44px;\n  border-radius: 100px;\n  margin: -22px 0 0 -22px;\n  border-width: 0px;\n  color: #ffffff;\n}\n.dt-icon-bg-on.gallery-shortcode.gallery-masonry-shortcode-id-64ac031790f0d011961b447064691be1 .gallery-zoom-ico {\n  background: rgba(255,255,255,0.3);\n  box-shadow: none;\n}\n.gallery-shortcode.gallery-masonry-shortcode-id-64ac031790f0d011961b447064691be1 .gallery-zoom-ico:before,\n.gallery-shortcode.gallery-masonry-shortcode-id-64ac031790f0d011961b447064691be1 .gallery-zoom-ico span {\n  font-size: 32px;\n  line-height: 44px;\n  color: #ffffff;\n}\n.gallery-shortcode.gallery-masonry-shortcode-id-64ac031790f0d011961b447064691be1:not(.resize-by-browser-width) .dt-css-grid {\n  grid-row-gap: 10px;\n  grid-column-gap: 10px;\n  grid-template-columns: repeat(auto-fill,minmax(,1fr));\n}\n.gallery-shortcode.gallery-masonry-shortcode-id-64ac031790f0d011961b447064691be1:not(.resize-by-browser-width) .dt-css-grid .double-width {\n  grid-column: span 2;\n}\n.cssgridlegacy.no-cssgrid .gallery-shortcode.gallery-masonry-shortcode-id-64ac031790f0d011961b447064691be1:not(.resize-by-browser-width) .dt-css-grid,\n.no-cssgridlegacy.no-cssgrid .gallery-shortcode.gallery-masonry-shortcode-id-64ac031790f0d011961b447064691be1:not(.resize-by-browser-width) .dt-css-grid {\n  display: flex;\n  flex-flow: row wrap;\n  margin: -5px;\n}\n.cssgridlegacy.no-cssgrid .gallery-shortcode.gallery-masonry-shortcode-id-64ac031790f0d011961b447064691be1:not(.resize-by-browser-width) .dt-css-grid .wf-cell,\n.no-cssgridlegacy.no-cssgrid .gallery-shortcode.gallery-masonry-shortcode-id-64ac031790f0d011961b447064691be1:not(.resize-by-browser-width) .dt-css-grid .wf-cell {\n  flex: 1 0 ;\n  max-width: 100%;\n  padding: 5px;\n  box-sizing: border-box;\n}\n.gallery-shortcode.gallery-masonry-shortcode-id-64ac031790f0d011961b447064691be1.resize-by-browser-width .dt-css-grid {\n  grid-template-columns: repeat(2,1fr);\n  grid-template-rows: auto;\n  grid-column-gap: 10px;\n  grid-row-gap: 10px;\n}\n.gallery-shortcode.gallery-masonry-shortcode-id-64ac031790f0d011961b447064691be1.resize-by-browser-width .dt-css-grid .double-width {\n  grid-column: span 2;\n}\n.cssgridlegacy.no-cssgrid .gallery-shortcode.gallery-masonry-shortcode-id-64ac031790f0d011961b447064691be1.resize-by-browser-width .dt-css-grid {\n  margin: -5px;\n}\n.cssgridlegacy.no-cssgrid .gallery-shortcode.gallery-masonry-shortcode-id-64ac031790f0d011961b447064691be1.resize-by-browser-width .dt-css-grid .wf-cell {\n  width: 50%;\n  padding: 5px;\n}\n.cssgridlegacy.no-cssgrid .gallery-shortcode.gallery-masonry-shortcode-id-64ac031790f0d011961b447064691be1.resize-by-browser-width .dt-css-grid .wf-cell.double-width {\n  width: calc(50%) * 2;\n}\n.gallery-shortcode.gallery-masonry-shortcode-id-64ac031790f0d011961b447064691be1.resize-by-browser-width:not(.centered-layout-list):not(.content-bg-on) .dt-css-grid {\n  grid-row-gap: 10px - ;\n}\n@media screen and (max-width: 1199px) {\n  .gallery-shortcode.gallery-masonry-shortcode-id-64ac031790f0d011961b447064691be1.resize-by-browser-width .dt-css-grid {\n    grid-template-columns: repeat(2,1fr);\n  }\n  .cssgridlegacy.no-cssgrid .gallery-shortcode.gallery-masonry-shortcode-id-64ac031790f0d011961b447064691be1.resize-by-browser-width .dt-css-grid .wf-cell,\n  .no-cssgridlegacy.no-cssgrid .gallery-shortcode.gallery-masonry-shortcode-id-64ac031790f0d011961b447064691be1.resize-by-browser-width .dt-css-grid .wf-cell {\n    width: 50%;\n  }\n  .cssgridlegacy.no-cssgrid .gallery-shortcode.gallery-masonry-shortcode-id-64ac031790f0d011961b447064691be1.resize-by-browser-width .dt-css-grid .wf-cell.double-width,\n  .no-cssgridlegacy.no-cssgrid .gallery-shortcode.gallery-masonry-shortcode-id-64ac031790f0d011961b447064691be1.resize-by-browser-width .dt-css-grid .wf-cell.double-width {\n    width: calc(50%)*2;\n  }\n}\n@media screen and (max-width: 991px) {\n  .gallery-shortcode.gallery-masonry-shortcode-id-64ac031790f0d011961b447064691be1.resize-by-browser-width .dt-css-grid {\n    grid-template-columns: repeat(1,1fr);\n  }\n  .cssgridlegacy.no-cssgrid .gallery-shortcode.gallery-masonry-shortcode-id-64ac031790f0d011961b447064691be1.resize-by-browser-width .dt-css-grid .wf-cell,\n  .no-cssgridlegacy.no-cssgrid .gallery-shortcode.gallery-masonry-shortcode-id-64ac031790f0d011961b447064691be1.resize-by-browser-width .dt-css-grid .wf-cell {\n    width: 100%;\n  }\n  .cssgridlegacy.no-cssgrid .gallery-shortcode.gallery-masonry-shortcode-id-64ac031790f0d011961b447064691be1.resize-by-browser-width .dt-css-grid .wf-cell.double-width,\n  .no-cssgridlegacy.no-cssgrid .gallery-shortcode.gallery-masonry-shortcode-id-64ac031790f0d011961b447064691be1.resize-by-browser-width .dt-css-grid .wf-cell.double-width {\n    width: calc(100%)*2;\n  }\n}\n@media screen and (max-width: 767px) {\n  .gallery-shortcode.gallery-masonry-shortcode-id-64ac031790f0d011961b447064691be1.resize-by-browser-width .dt-css-grid {\n    grid-template-columns: repeat(1,1fr);\n  }\n  .cssgridlegacy.no-cssgrid .gallery-shortcode.gallery-masonry-shortcode-id-64ac031790f0d011961b447064691be1.resize-by-browser-width .dt-css-grid .wf-cell,\n  .no-cssgridlegacy.no-cssgrid .gallery-shortcode.gallery-masonry-shortcode-id-64ac031790f0d011961b447064691be1.resize-by-browser-width .dt-css-grid .wf-cell {\n    width: 100%;\n  }\n  .cssgridlegacy.no-cssgrid .gallery-shortcode.gallery-masonry-shortcode-id-64ac031790f0d011961b447064691be1.resize-by-browser-width .dt-css-grid .wf-cell.double-width,\n  .no-cssgridlegacy.no-cssgrid .gallery-shortcode.gallery-masonry-shortcode-id-64ac031790f0d011961b447064691be1.resize-by-browser-width .dt-css-grid .wf-cell.double-width {\n    width: calc(100%)*2;\n  }\n}\n<\/style><div class=\"gallery-shortcode dt-gallery-container gallery-masonry-shortcode-id-64ac031790f0d011961b447064691be1 mode-grid jquery-filter dt-icon-bg-off quick-scale-img dt-css-grid-wrap enable-bg-rollover resize-by-browser-width  hover-fade loading-effect-none description-on-hover\" data-padding=\"5px\" data-cur-page=\"1\" data-post-limit=\"-1\" data-pagination-mode=\"none\" data-desktop-columns-num=\"2\" data-v-tablet-columns-num=\"1\" data-h-tablet-columns-num=\"2\" data-phone-columns-num=\"1\" data-width=\"0px\" data-columns=\"0\"><div class=\"dt-css-grid\" ><div class=\"wf-cell\" data-post-id=\"1293\" data-date=\"2021-12-27T10:50:26+00:00\" data-name=\"Gest\u00e3o de Res\u00edduos El\u00e9ctricos e Electr\u00f3nicos de Computadores, Monitores e Televis\u00f5es\"><figure class=\"post visible\"><a href=\"https:\/\/dev.linhambiente.pt\/wp-content\/uploads\/2021\/12\/Linhambiente_Gestao_Residuos_Electricos_Electronicos_Monitores_Televisoes.jpg\" class=\"rollover dt-pswp-item layzr-bg\" data-large_image_width=\"1200\" data-large_image_height=\"675\" data-dt-img-description=\"\" title=\"Electronic Electrical Waste Management - Computers, Monitors and Televisions\"><img decoding=\"async\" class=\"preload-me iso-lazy-load\" src=\"data:image\/svg+xml,%3Csvg%20xmlns%3D&#39;http%3A%2F%2Fwww.w3.org%2F2000%2Fsvg&#39;%20viewBox%3D&#39;0%200%20990%20557&#39;%2F%3E\" data-src=\"https:\/\/dev.linhambiente.pt\/wp-content\/uploads\/2021\/12\/Linhambiente_Gestao_Residuos_Electricos_Electronicos_Monitores_Televisoes-990x557.jpg\" data-srcset=\"https:\/\/dev.linhambiente.pt\/wp-content\/uploads\/2021\/12\/Linhambiente_Gestao_Residuos_Electricos_Electronicos_Monitores_Televisoes-990x557.jpg 990w, https:\/\/dev.linhambiente.pt\/wp-content\/uploads\/2021\/12\/Linhambiente_Gestao_Residuos_Electricos_Electronicos_Monitores_Televisoes.jpg 1199w\" alt=\"Linhambiente - Electronic and Electrical Waste Management from Computers, Monitors and Televisions\" width=\"990\" height=\"557\"  \/><span class=\"gallery-rollover\"><span class=\"gallery-zoom-ico icomoon-the7-font-the7-zoom-06\"><span><\/span><\/span><\/span><\/a><\/figure><\/div><div class=\"wf-cell\" data-post-id=\"1294\" data-date=\"2021-12-27T10:50:28+00:00\" data-name=\"Gest\u00e3o de Res\u00edduos El\u00e9ctricos e Electr\u00f3nicos de Pequenos Electrodom\u00e9sticos\"><figure class=\"post visible\"><a href=\"https:\/\/dev.linhambiente.pt\/wp-content\/uploads\/2021\/12\/Linhambiente_Gestao_Residuos_Electricos_Electronicos_Pequenos_Electrodomesticos.jpg\" class=\"rollover dt-pswp-item layzr-bg\" data-large_image_width=\"1200\" data-large_image_height=\"675\" data-dt-img-description=\"\" title=\"Electronic Electrical Waste Management - Small Appliances\"><img decoding=\"async\" class=\"preload-me iso-lazy-load\" src=\"data:image\/svg+xml,%3Csvg%20xmlns%3D&#39;http%3A%2F%2Fwww.w3.org%2F2000%2Fsvg&#39;%20viewBox%3D&#39;0%200%20990%20557&#39;%2F%3E\" data-src=\"https:\/\/dev.linhambiente.pt\/wp-content\/uploads\/2021\/12\/Linhambiente_Gestao_Residuos_Electricos_Electronicos_Pequenos_Electrodomesticos-990x557.jpg\" data-srcset=\"https:\/\/dev.linhambiente.pt\/wp-content\/uploads\/2021\/12\/Linhambiente_Gestao_Residuos_Electricos_Electronicos_Pequenos_Electrodomesticos-990x557.jpg 990w, https:\/\/dev.linhambiente.pt\/wp-content\/uploads\/2021\/12\/Linhambiente_Gestao_Residuos_Electricos_Electronicos_Pequenos_Electrodomesticos.jpg 1199w\" alt=\"Linhambiente - Electronic and Electrical Waste Management from Small Appliances\" width=\"990\" height=\"557\"  \/><span class=\"gallery-rollover\"><span class=\"gallery-zoom-ico icomoon-the7-font-the7-zoom-06\"><span><\/span><\/span><\/span><\/a><\/figure><\/div><div class=\"wf-cell\" data-post-id=\"1291\" data-date=\"2021-12-27T10:50:23+00:00\" data-name=\"Gest\u00e3o de Res\u00edduos El\u00e9ctricos e Electr\u00f3nicos de Telem\u00f3veis e Componentes\"><figure class=\"post visible\"><a href=\"https:\/\/dev.linhambiente.pt\/wp-content\/uploads\/2021\/12\/Linhambiente_Gestao_Residuos_Electricos_Electronicos_Telemoveis.jpg\" class=\"rollover dt-pswp-item layzr-bg\" data-large_image_width=\"1200\" data-large_image_height=\"675\" data-dt-img-description=\"\" title=\"Electronic Electrical Waste Management - Cell Phones and Components\"><img decoding=\"async\" class=\"preload-me iso-lazy-load\" src=\"data:image\/svg+xml,%3Csvg%20xmlns%3D&#39;http%3A%2F%2Fwww.w3.org%2F2000%2Fsvg&#39;%20viewBox%3D&#39;0%200%20990%20557&#39;%2F%3E\" data-src=\"https:\/\/dev.linhambiente.pt\/wp-content\/uploads\/2021\/12\/Linhambiente_Gestao_Residuos_Electricos_Electronicos_Telemoveis-990x557.jpg\" data-srcset=\"https:\/\/dev.linhambiente.pt\/wp-content\/uploads\/2021\/12\/Linhambiente_Gestao_Residuos_Electricos_Electronicos_Telemoveis-990x557.jpg 990w, https:\/\/dev.linhambiente.pt\/wp-content\/uploads\/2021\/12\/Linhambiente_Gestao_Residuos_Electricos_Electronicos_Telemoveis.jpg 1199w\" alt=\"Linhambiente - Electronic and Electrical Waste Management from Mobile Phones and Components\" width=\"990\" height=\"557\"  \/><span class=\"gallery-rollover\"><span class=\"gallery-zoom-ico icomoon-the7-font-the7-zoom-06\"><span><\/span><\/span><\/span><\/a><\/figure><\/div><div class=\"wf-cell\" data-post-id=\"1292\" data-date=\"2021-12-27T10:50:25+00:00\" data-name=\"Gest\u00e3o de Res\u00edduos El\u00e9ctricos e Electr\u00f3nicos de pe\u00e7as e componentes de Computadores\"><figure class=\"post visible\"><a href=\"https:\/\/dev.linhambiente.pt\/wp-content\/uploads\/2021\/12\/Linhambiente_Gestao_Residuos_Electricos_Electronicos_Componentes_Computador.jpg\" class=\"rollover dt-pswp-item layzr-bg\" data-large_image_width=\"1200\" data-large_image_height=\"675\" data-dt-img-description=\"\" title=\"Electronic Electrical Waste Management - Computer Parts and Components\"><img decoding=\"async\" class=\"preload-me iso-lazy-load\" src=\"data:image\/svg+xml,%3Csvg%20xmlns%3D&#39;http%3A%2F%2Fwww.w3.org%2F2000%2Fsvg&#39;%20viewBox%3D&#39;0%200%20990%20557&#39;%2F%3E\" data-src=\"https:\/\/dev.linhambiente.pt\/wp-content\/uploads\/2021\/12\/Linhambiente_Gestao_Residuos_Electricos_Electronicos_Componentes_Computador-990x557.jpg\" data-srcset=\"https:\/\/dev.linhambiente.pt\/wp-content\/uploads\/2021\/12\/Linhambiente_Gestao_Residuos_Electricos_Electronicos_Componentes_Computador-990x557.jpg 990w, https:\/\/dev.linhambiente.pt\/wp-content\/uploads\/2021\/12\/Linhambiente_Gestao_Residuos_Electricos_Electronicos_Componentes_Computador.jpg 1199w\" alt=\"Linhambiente - Electronic and Electrical Waste Management from Computer Parts and Components\" width=\"990\" height=\"557\"  \/><span class=\"gallery-rollover\"><span class=\"gallery-zoom-ico icomoon-the7-font-the7-zoom-06\"><span><\/span><\/span><\/span><\/a><\/figure><\/div><\/div><!-- iso-container|iso-grid --><\/div><\/div><\/div><\/div><div class=\"wpb_column vc_column_container vc_col-sm-6\"><div class=\"vc_column-inner\"><div class=\"wpb_wrapper\">\n\t<div class=\"wpb_text_column wpb_content_element  vc_custom_1639591366098\" >\n\t\t<div class=\"wpb_wrapper\">\n\t\t\t<p data-renderer-start-pos=\"7416\"><span style=\"color: #000000;\">Waste from Electrical and Electronic Equipment (WEEE) and waste from batteries and accumulators are waste for which Linhambiente also develops tailor-made solutions.<\/span><\/p>\n<p data-renderer-start-pos=\"7600\"><strong><span style=\"color: #000000;\">Contact us for more information.<\/span><\/strong><\/p>\n<p data-renderer-start-pos=\"7637\"><span style=\"color: #000000;\">The environment thanks you.<\/span><\/p>\n\n\t\t<\/div>\n\t<\/div>\n<\/div><\/div><\/div><\/div><div data-vc-full-width=\"true\" data-vc-full-width-init=\"false\" class=\"vc_row wpb_row vc_row-fluid vc_custom_1632408959763 vc_row-has-fill\"><div class=\"wpb_column vc_column_container vc_col-sm-12\"><div class=\"vc_column-inner\"><div class=\"wpb_wrapper\"><div id=\"ultimate-heading-954169e63cb49f004\" class=\"uvc-heading ult-adjust-bottom-margin ultimate-heading-954169e63cb49f004 uvc-2477  uvc-heading-default-font-sizes\" data-hspacer=\"no_spacer\"  data-halign=\"center\" style=\"text-align:center\"><div class=\"uvc-heading-spacer no_spacer\" style=\"top\"><\/div><div class=\"uvc-main-heading ult-responsive\"  data-ultimate-target='.uvc-heading.ultimate-heading-954169e63cb49f004 h3'  data-responsive-json-new='{\"font-size\":\"\",\"line-height\":\"\"}' ><h3 style=\"font-weight:bold;color:#000000;margin-bottom:20px;\">For more information or quote requests<\/h3><\/div><\/div><style type=\"text\/css\" data-type=\"the7_shortcodes-inline-css\">#default-btn-93fe64f7fb27d4a3cafa4bfe7ff96998.ico-right-side > i {\n  margin-right: 0px;\n  margin-left: 8px;\n}\n#default-btn-93fe64f7fb27d4a3cafa4bfe7ff96998 > i {\n  margin-right: 8px;\n}\n<\/style><div class=\"btn-align-center\"><a href=\"https:\/\/linhambiente.pt\/contactos\/\" class=\"default-btn-shortcode dt-btn dt-btn-l link-hover-off  vc_custom_1639591284252\" id=\"default-btn-93fe64f7fb27d4a3cafa4bfe7ff96998\" title=\"Contacts\"><i class=\"far fa-comments\"><\/i><span>Contact us<\/span><\/a><\/div>\n\t<div class=\"wpb_text_column wpb_content_element\" >\n\t\t<div class=\"wpb_wrapper\">\n\t\t\t<p style=\"text-align: center;\"><span style=\"color: #000000;\">Or send us an email to <strong><a style=\"color: #000000; text-decoration: none;\" href=\"mailto:geral@linhambiente.pt\">geral@linhambiente.pt<\/a><\/strong><\/span><\/p>\n\n\t\t<\/div>\n\t<\/div>\n<\/div><\/div><\/div><\/div><div class=\"vc_row-full-width vc_clearfix\"><\/div>","protected":false},"excerpt":{"rendered":"<p>Res\u00edduos de equipamentos el\u00e9ctricos e electr\u00f3nicos (REEE) e res\u00edduos de pilhas e acumuladores (RPA) s\u00e3o res\u00edduos para os quais a Linhambiente desenvolve igualmente solu\u00e7\u00f5es \u00e0 medida. Contacte-nos para mais informa\u00e7\u00f5es. O Ambiente agradece. Para mais Informa\u00e7\u00f5es ou Pedidos de Or\u00e7amento Ou envie-nos um email para geral@linhambiente.pt<\/p>","protected":false},"author":1,"featured_media":0,"parent":12,"menu_order":25,"comment_status":"closed","ping_status":"closed","template":"","meta":{"footnotes":""},"class_list":["post-865","page","type-page","status-publish","hentry","description-off"],"_links":{"self":[{"href":"https:\/\/dev.linhambiente.pt\/en\/wp-json\/wp\/v2\/pages\/865","targetHints":{"allow":["GET"]}}],"collection":[{"href":"https:\/\/dev.linhambiente.pt\/en\/wp-json\/wp\/v2\/pages"}],"about":[{"href":"https:\/\/dev.linhambiente.pt\/en\/wp-json\/wp\/v2\/types\/page"}],"author":[{"embeddable":true,"href":"https:\/\/dev.linhambiente.pt\/en\/wp-json\/wp\/v2\/users\/1"}],"replies":[{"embeddable":true,"href":"https:\/\/dev.linhambiente.pt\/en\/wp-json\/wp\/v2\/comments?post=865"}],"version-history":[{"count":9,"href":"https:\/\/dev.linhambiente.pt\/en\/wp-json\/wp\/v2\/pages\/865\/revisions"}],"predecessor-version":[{"id":1295,"href":"https:\/\/dev.linhambiente.pt\/en\/wp-json\/wp\/v2\/pages\/865\/revisions\/1295"}],"up":[{"embeddable":true,"href":"https:\/\/dev.linhambiente.pt\/en\/wp-json\/wp\/v2\/pages\/12"}],"wp:attachment":[{"href":"https:\/\/dev.linhambiente.pt\/en\/wp-json\/wp\/v2\/media?parent=865"}],"curies":[{"name":"wp","href":"https:\/\/api.w.org\/{rel}","templated":true}]}}