{"id":855,"date":"2021-10-15T16:27:10","date_gmt":"2021-10-15T16:27:10","guid":{"rendered":"https:\/\/linhaambiente-beta.ynexus.com\/?page_id=855"},"modified":"2023-11-17T11:13:42","modified_gmt":"2023-11-17T11:13:42","slug":"licenciamento-certificacoes","status":"publish","type":"page","link":"https:\/\/dev.linhambiente.pt\/en\/company\/licensing-certifications\/","title":{"rendered":"Licensing and Certifications"},"content":{"rendered":"<div class=\"vc_row wpb_row vc_row-fluid vc_custom_1632409575152 vc_row-o-equal-height vc_row-o-content-middle vc_row-flex\"><div class=\"wpb_column vc_column_container vc_col-sm-12\"><div class=\"vc_column-inner\"><div class=\"wpb_wrapper\"><div id=\"ultimate-heading-954169e65b928ac2a\" class=\"uvc-heading ult-adjust-bottom-margin ultimate-heading-954169e65b928ac2a uvc-9678  uvc-heading-default-font-sizes\" data-hspacer=\"no_spacer\"  data-halign=\"left\" style=\"text-align:left\"><div class=\"uvc-heading-spacer no_spacer\" style=\"top\"><\/div><div class=\"uvc-main-heading ult-responsive\"  data-ultimate-target='.uvc-heading.ultimate-heading-954169e65b928ac2a h3'  data-responsive-json-new='{\"font-size\":\"\",\"line-height\":\"\"}' ><h3 style=\"font-weight:bold;color:#000000;margin-bottom:20px;\">Quality and Environment Policy<\/h3><\/div><\/div>\n\t<div class=\"wpb_text_column wpb_content_element  vc_custom_1653044493143\" >\n\t\t<div class=\"wpb_wrapper\">\n\t\t\t<p><span style=\"font-weight: 400; color: #000000;\">LINHAMBIENTE, S.A. aims to establish itself in the waste management market, distinguishing itself by the quality of the services provided, aiming at the total satisfaction of its customers, maintaining a clear commitment to the protection of the environment, including the prevention of pollution.<\/span><\/p>\n<p><span style=\"color: #000000;\"><span style=\"font-weight: 400;\">To this end, it maintains a Quality and Environment Management System with the following scope:\u00a0<\/span><\/span><\/p>\n<ul>\n<li><b><\/b><span style=\"color: #000000;\"><b>Waste management: collection, transport, storage, treatment, valorisation and environmental support, including Agricultural Waste.<\/b><\/span><\/li>\n<li><span style=\"color: #000000;\"><b>Rental and sale of equipment for packaging and transporting waste.<\/b><\/span><\/li>\n<\/ul>\n<p><span style=\"color: #000000;\"><a href=\"https:\/\/linhambiente.pt\/wp-content\/uploads\/2021\/10\/Politica-da-qualidade-e-ambiente-rev_Mar2019.pdf\" target=\"_blank\" rel=\"noopener\">See PDF<\/a><\/span><\/p>\n\n\t\t<\/div>\n\t<\/div>\n<div id=\"ultimate-heading-535769e65b928aeb0\" class=\"uvc-heading ult-adjust-bottom-margin ultimate-heading-535769e65b928aeb0 uvc-6560  uvc-heading-default-font-sizes\" data-hspacer=\"no_spacer\"  data-halign=\"left\" style=\"text-align:left\"><div class=\"uvc-heading-spacer no_spacer\" style=\"top\"><\/div><div class=\"uvc-main-heading ult-responsive\"  data-ultimate-target='.uvc-heading.ultimate-heading-535769e65b928aeb0 h4'  data-responsive-json-new='{\"font-size\":\"\",\"line-height\":\"\"}' ><h4 style=\"font-weight:bold;color:#000000;margin-top:40PX;\">LINHAMBIENTE, SA PERMIT<\/h4><\/div><\/div>\n\t<div class=\"wpb_text_column wpb_content_element  vc_custom_1651494525869\" >\n\t\t<div class=\"wpb_wrapper\">\n\t\t\t<p><span style=\"color: #000000;\"><span style=\"font-weight: 400;\"> License permit for carrying out waste management operations.<br \/>\n<a href=\"https:\/\/linhambiente.pt\/wp-content\/uploads\/2022\/05\/Alvara_Linhambiente_Ansiao_pt.pdf\" target=\"_blank\" rel=\"noopener\">See Permit<\/a><\/span><\/span><\/p>\n\n\t\t<\/div>\n\t<\/div>\n<div id=\"ultimate-heading-647669e65b928b04a\" class=\"uvc-heading ult-adjust-bottom-margin ultimate-heading-647669e65b928b04a uvc-4952  uvc-heading-default-font-sizes\" data-hspacer=\"no_spacer\"  data-halign=\"left\" style=\"text-align:left\"><div class=\"uvc-heading-spacer no_spacer\" style=\"top\"><\/div><div class=\"uvc-main-heading ult-responsive\"  data-ultimate-target='.uvc-heading.ultimate-heading-647669e65b928b04a h4'  data-responsive-json-new='{\"font-size\":\"\",\"line-height\":\"\"}' ><h4 style=\"font-weight:bold;color:#000000;margin-top:40PX;\">CERTIFICATE OF COMPLIANCE FER<\/h4><\/div><\/div>\n\t<div class=\"wpb_text_column wpb_content_element  vc_custom_1651854900041\" >\n\t\t<div class=\"wpb_wrapper\">\n\t\t\t<p><span style=\"color: #000000;\"><span style=\"font-weight: 400;\"><a href=\"https:\/\/linhambiente.pt\/wp-content\/uploads\/2022\/05\/LINHAMBIENTE-FER-0003.pdf\" target=\"_blank\" rel=\"noopener\">View certificate<\/a><\/span><\/span><\/p>\n\n\t\t<\/div>\n\t<\/div>\n<div id=\"ultimate-heading-879269e65b928b1c9\" class=\"uvc-heading ult-adjust-bottom-margin ultimate-heading-879269e65b928b1c9 uvc-1880  uvc-heading-default-font-sizes\" data-hspacer=\"no_spacer\"  data-halign=\"left\" style=\"text-align:left\"><div class=\"uvc-heading-spacer no_spacer\" style=\"top\"><\/div><div class=\"uvc-main-heading ult-responsive\"  data-ultimate-target='.uvc-heading.ultimate-heading-879269e65b928b1c9 h4'  data-responsive-json-new='{\"font-size\":\"\",\"line-height\":\"\"}' ><h4 style=\"font-weight:bold;color:#000000;margin-top:40PX;\">ISO CERTIFICATION<\/h4><\/div><\/div>\n\t<div class=\"wpb_text_column wpb_content_element  vc_custom_1655895324422\" >\n\t\t<div class=\"wpb_wrapper\">\n\t\t\t<p><span style=\"color: #000000;\"><b>ISO 9001:2015 certificate<br \/>\n<\/b><\/span><span style=\"color: #000000;\"><b><\/b><a href=\"https:\/\/linhambiente.pt\/wp-content\/uploads\/2021\/10\/9001-PT.pdf\" target=\"_blank\" rel=\"noopener\"><span style=\"font-weight: 400;\">View PT Certificate<\/span><\/a><br \/>\n<span style=\"font-weight: 400;\"><a href=\"https:\/\/linhambiente.pt\/wp-content\/uploads\/2021\/10\/9001-ENG.pdf\" target=\"_blank\" rel=\"noopener\">View ENG Certificate<\/a><br \/>\n<\/span><span style=\"font-weight: 400;\"><br \/>\n<\/span><b>ISO 14001:2015 certificate<\/b><b><br \/>\n<\/b><span style=\"font-weight: 400;\"><a href=\"https:\/\/linhambiente.pt\/wp-content\/uploads\/2021\/10\/14001-PT.pdf\" target=\"_blank\" rel=\"noopener\">View PT Certificate<\/a><br \/>\n<\/span><a href=\"https:\/\/linhambiente.pt\/wp-content\/uploads\/2021\/10\/14001-ENG.pdf\" target=\"_blank\" rel=\"noopener\">View ENG Certificate<\/a><br \/>\n<\/span><span style=\"color: #000000;\"><br \/>\n<\/span><\/p>\n<p><img decoding=\"async\" class=\"alignnone wp-image-1086 size-medium\" title=\"ISO 9001 and 14001 certificates awarded by TUV\" src=\"https:\/\/linhambiente.pt\/wp-content\/uploads\/2021\/12\/Linhambiente_ISO_TUV_Certified-300x111.jpg\" alt=\"ISO 9001 and 14001 certificates awarded by TUV\" width=\"300\" height=\"111\" srcset=\"https:\/\/dev.linhambiente.pt\/wp-content\/uploads\/2021\/12\/Linhambiente_ISO_TUV_Certified-300x111.jpg 300w, https:\/\/dev.linhambiente.pt\/wp-content\/uploads\/2021\/12\/Linhambiente_ISO_TUV_Certified-1024x378.jpg 1024w, https:\/\/dev.linhambiente.pt\/wp-content\/uploads\/2021\/12\/Linhambiente_ISO_TUV_Certified-768x283.jpg 768w, https:\/\/dev.linhambiente.pt\/wp-content\/uploads\/2021\/12\/Linhambiente_ISO_TUV_Certified-1536x567.jpg 1536w, https:\/\/dev.linhambiente.pt\/wp-content\/uploads\/2021\/12\/Linhambiente_ISO_TUV_Certified.jpg 1965w\" sizes=\"(max-width: 300px) 100vw, 300px\" \/><\/p>\n\n\t\t<\/div>\n\t<\/div>\n<div id=\"ultimate-heading-182469e65b928b36d\" class=\"uvc-heading ult-adjust-bottom-margin ultimate-heading-182469e65b928b36d uvc-6348  uvc-heading-default-font-sizes\" data-hspacer=\"no_spacer\"  data-halign=\"left\" style=\"text-align:left\"><div class=\"uvc-heading-spacer no_spacer\" style=\"top\"><\/div><div class=\"uvc-main-heading ult-responsive\"  data-ultimate-target='.uvc-heading.ultimate-heading-182469e65b928b36d h4'  data-responsive-json-new='{\"font-size\":\"\",\"line-height\":\"\"}' ><h4 style=\"font-weight:bold;color:#000000;margin-top:40PX;\">eiC CERTIFICATION<\/h4><\/div><\/div>\n\t<div class=\"wpb_text_column wpb_content_element  vc_custom_1655895376312\" >\n\t\t<div class=\"wpb_wrapper\">\n\t\t\t<p><img decoding=\"async\" class=\"alignnone wp-image-1535 size-medium\" title=\"Linhambiente&#039;s Waste Recovery Service is certified by the eiC company\" src=\"https:\/\/linhambiente.pt\/wp-content\/uploads\/2022\/05\/AF_marcaNorma_ET04_sAcreditacao_v1-300x284.jpg\" alt=\"Waste Recovery Service certified by eiC\" width=\"300\" height=\"284\" srcset=\"https:\/\/dev.linhambiente.pt\/wp-content\/uploads\/2022\/05\/AF_marcaNorma_ET04_sAcreditacao_v1-300x284.jpg 300w, https:\/\/dev.linhambiente.pt\/wp-content\/uploads\/2022\/05\/AF_marcaNorma_ET04_sAcreditacao_v1-1024x968.jpg 1024w, https:\/\/dev.linhambiente.pt\/wp-content\/uploads\/2022\/05\/AF_marcaNorma_ET04_sAcreditacao_v1-768x726.jpg 768w, https:\/\/dev.linhambiente.pt\/wp-content\/uploads\/2022\/05\/AF_marcaNorma_ET04_sAcreditacao_v1-1536x1452.jpg 1536w, https:\/\/dev.linhambiente.pt\/wp-content\/uploads\/2022\/05\/AF_marcaNorma_ET04_sAcreditacao_v1-2048x1936.jpg 2048w\" sizes=\"(max-width: 300px) 100vw, 300px\" \/><\/p>\n\n\t\t<\/div>\n\t<\/div>\n<div id=\"ultimate-heading-41269e65b928b4d8\" class=\"uvc-heading ult-adjust-bottom-margin ultimate-heading-41269e65b928b4d8 uvc-1769  uvc-heading-default-font-sizes\" data-hspacer=\"no_spacer\"  data-halign=\"left\" style=\"text-align:left\"><div class=\"uvc-heading-spacer no_spacer\" style=\"top\"><\/div><div class=\"uvc-main-heading ult-responsive\"  data-ultimate-target='.uvc-heading.ultimate-heading-41269e65b928b4d8 h4'  data-responsive-json-new='{\"font-size\":\"\",\"line-height\":\"\"}' ><h4 style=\"font-weight:bold;color:#000000;margin-top:40PX;\">PME L\u00cdDER CERTIFICATION<\/h4><\/div><\/div>\n\t<div class=\"wpb_text_column wpb_content_element  vc_custom_1687185265891\" >\n\t\t<div class=\"wpb_wrapper\">\n\t\t\t<p><img decoding=\"async\" class=\"wp-image-1440\" style=\"padding-top: 10px; padding-right: 30px;\" title=\"We are a company distinguished with the PME L\u00edder certification\" src=\"https:\/\/linhambiente.pt\/wp-content\/uploads\/2022\/03\/PME_Lider_2021_2D_cores-254x300.jpg\" alt=\"A Linhambiente \u00e9 uma empresa com certifica\u00e7\u00e3o PME L\u00edder 2021\" width=\"171\" height=\"202\" srcset=\"https:\/\/dev.linhambiente.pt\/wp-content\/uploads\/2022\/03\/PME_Lider_2021_2D_cores-254x300.jpg 254w, https:\/\/dev.linhambiente.pt\/wp-content\/uploads\/2022\/03\/PME_Lider_2021_2D_cores-866x1024.jpg 866w, https:\/\/dev.linhambiente.pt\/wp-content\/uploads\/2022\/03\/PME_Lider_2021_2D_cores-768x908.jpg 768w, https:\/\/dev.linhambiente.pt\/wp-content\/uploads\/2022\/03\/PME_Lider_2021_2D_cores-1300x1536.jpg 1300w, https:\/\/dev.linhambiente.pt\/wp-content\/uploads\/2022\/03\/PME_Lider_2021_2D_cores.jpg 1523w\" sizes=\"(max-width: 171px) 100vw, 171px\" \/><img decoding=\"async\" class=\"wp-image-1926\" title=\"We are a company distinguished with the PME L\u00edder certification\" src=\"https:\/\/linhambiente.pt\/wp-content\/uploads\/2023\/06\/PME_Lider_2022-255x300.jpg\" alt=\"A Linhambiente \u00e9 uma empresa com certifica\u00e7\u00e3o PME L\u00edder 2022\" width=\"171\" height=\"202\" srcset=\"https:\/\/dev.linhambiente.pt\/wp-content\/uploads\/2023\/06\/PME_Lider_2022-255x300.jpg 255w, https:\/\/dev.linhambiente.pt\/wp-content\/uploads\/2023\/06\/PME_Lider_2022-10x12.jpg 10w, https:\/\/dev.linhambiente.pt\/wp-content\/uploads\/2023\/06\/PME_Lider_2022.jpg 509w\" sizes=\"(max-width: 171px) 100vw, 171px\" \/><\/p>\n\n\t\t<\/div>\n\t<\/div>\n<div id=\"ultimate-heading-924769e65b928b649\" class=\"uvc-heading ult-adjust-bottom-margin ultimate-heading-924769e65b928b649 uvc-3371  uvc-heading-default-font-sizes\" data-hspacer=\"no_spacer\"  data-halign=\"left\" style=\"text-align:left\"><div class=\"uvc-heading-spacer no_spacer\" style=\"top\"><\/div><div class=\"uvc-main-heading ult-responsive\"  data-ultimate-target='.uvc-heading.ultimate-heading-924769e65b928b649 h4'  data-responsive-json-new='{\"font-size\":\"\",\"line-height\":\"\"}' ><h4 style=\"font-weight:bold;color:#000000;margin-top:40PX;\">CERTIFICA\u00c7\u00c3O PME EXCEL\u00caNCIA<\/h4><\/div><\/div>\n\t<div class=\"wpb_text_column wpb_content_element  vc_custom_1700219609143\" >\n\t\t<div class=\"wpb_wrapper\">\n\t\t\t<p><a href=\"https:\/\/linhambiente.pt\/wp-content\/uploads\/2023\/11\/diploma_excelencia.pdf\" target=\"_blank\" rel=\"noopener\"><img decoding=\"async\" class=\"alignnone wp-image-1440\" style=\"padding-top: 10px; padding-right: 30px;\" src=\"https:\/\/linhambiente.pt\/wp-content\/uploads\/2023\/11\/logo_PME-Excelencia_2022_cores-236x300.png\" alt=\"Somos uma empresa distinguida com a certifica\u00e7\u00e3o PME Excel\u00eancia 2022\" width=\"171\" height=\"218\" \/><\/a><br \/>\n<a href=\"https:\/\/linhambiente.pt\/wp-content\/uploads\/2023\/11\/diploma_excelencia.pdf\" target=\"_blank\" rel=\"noopener\">View certificate<\/a><\/p>\n\n\t\t<\/div>\n\t<\/div>\n<\/div><\/div><\/div><\/div><div data-vc-full-width=\"true\" data-vc-full-width-init=\"false\" class=\"vc_row wpb_row vc_row-fluid vc_custom_1632408959763 vc_row-has-fill\"><div class=\"wpb_column vc_column_container vc_col-sm-12\"><div class=\"vc_column-inner\"><div class=\"wpb_wrapper\"><div id=\"ultimate-heading-316969e65b928c1a3\" class=\"uvc-heading ult-adjust-bottom-margin ultimate-heading-316969e65b928c1a3 uvc-5288  uvc-heading-default-font-sizes\" data-hspacer=\"no_spacer\"  data-halign=\"center\" style=\"text-align:center\"><div class=\"uvc-heading-spacer no_spacer\" style=\"top\"><\/div><div class=\"uvc-main-heading ult-responsive\"  data-ultimate-target='.uvc-heading.ultimate-heading-316969e65b928c1a3 h3'  data-responsive-json-new='{\"font-size\":\"\",\"line-height\":\"\"}' ><h3 style=\"font-weight:bold;color:#000000;margin-bottom:20px;\">For more information or quote requests<\/h3><\/div><\/div><style type=\"text\/css\" data-type=\"the7_shortcodes-inline-css\">#default-btn-5143a40e3359c1f2cc805e557dbd7172.ico-right-side > i {\n  margin-right: 0px;\n  margin-left: 8px;\n}\n#default-btn-5143a40e3359c1f2cc805e557dbd7172 > i {\n  margin-right: 8px;\n}\n<\/style><div class=\"btn-align-center\"><a href=\"https:\/\/linhambiente.pt\/contactos\/\" class=\"default-btn-shortcode dt-btn dt-btn-l link-hover-off  vc_custom_1639494209188\" id=\"default-btn-5143a40e3359c1f2cc805e557dbd7172\" title=\"Contacts\"><i class=\"far fa-comments\"><\/i><span>Contact us<\/span><\/a><\/div>\n\t<div class=\"wpb_text_column wpb_content_element\" >\n\t\t<div class=\"wpb_wrapper\">\n\t\t\t<p style=\"text-align: center;\"><span style=\"color: #000000;\">Or send us an email to <strong><a style=\"color: #000000; text-decoration: none;\" href=\"mailto:geral@linhambiente.pt\">geral@linhambiente.pt<\/a><\/strong><\/span><\/p>\n\n\t\t<\/div>\n\t<\/div>\n<\/div><\/div><\/div><\/div><div class=\"vc_row-full-width vc_clearfix\"><\/div>","protected":false},"excerpt":{"rendered":"<p>Politica da Qualidade e do Ambiente A LINHAMBIENTE, S.A., pretende colocar-se no mercado de gest\u00e3o de res\u00edduos, distinguindo-se pela qualidade dos servi\u00e7os prestados, visando a total satisfa\u00e7\u00e3o dos seus clientes, mantendo um claro compromisso para a prote\u00e7\u00e3o do meio ambiente, incluindo a preven\u00e7\u00e3o da polui\u00e7\u00e3o. Para tal mant\u00e9m um Sistema de Gest\u00e3o da Qualidade e&hellip;<\/p>","protected":false},"author":1,"featured_media":0,"parent":768,"menu_order":25,"comment_status":"closed","ping_status":"closed","template":"","meta":{"footnotes":""},"class_list":["post-855","page","type-page","status-publish","hentry","description-off"],"_links":{"self":[{"href":"https:\/\/dev.linhambiente.pt\/en\/wp-json\/wp\/v2\/pages\/855","targetHints":{"allow":["GET"]}}],"collection":[{"href":"https:\/\/dev.linhambiente.pt\/en\/wp-json\/wp\/v2\/pages"}],"about":[{"href":"https:\/\/dev.linhambiente.pt\/en\/wp-json\/wp\/v2\/types\/page"}],"author":[{"embeddable":true,"href":"https:\/\/dev.linhambiente.pt\/en\/wp-json\/wp\/v2\/users\/1"}],"replies":[{"embeddable":true,"href":"https:\/\/dev.linhambiente.pt\/en\/wp-json\/wp\/v2\/comments?post=855"}],"version-history":[{"count":42,"href":"https:\/\/dev.linhambiente.pt\/en\/wp-json\/wp\/v2\/pages\/855\/revisions"}],"predecessor-version":[{"id":2187,"href":"https:\/\/dev.linhambiente.pt\/en\/wp-json\/wp\/v2\/pages\/855\/revisions\/2187"}],"up":[{"embeddable":true,"href":"https:\/\/dev.linhambiente.pt\/en\/wp-json\/wp\/v2\/pages\/768"}],"wp:attachment":[{"href":"https:\/\/dev.linhambiente.pt\/en\/wp-json\/wp\/v2\/media?parent=855"}],"curies":[{"name":"wp","href":"https:\/\/api.w.org\/{rel}","templated":true}]}}