{"id":814,"date":"2021-10-13T12:28:17","date_gmt":"2021-10-13T12:28:17","guid":{"rendered":"https:\/\/linhaambiente-beta.ynexus.com\/?page_id=814"},"modified":"2022-03-02T11:07:09","modified_gmt":"2022-03-02T11:07:09","slug":"area-retalho","status":"publish","type":"page","link":"https:\/\/dev.linhambiente.pt\/en\/waste-management-services\/retail-area\/","title":{"rendered":"Retail Area"},"content":{"rendered":"<div class=\"vc_row wpb_row vc_row-fluid vc_custom_1639590420910 vc_row-o-equal-height vc_row-o-content-middle vc_row-flex\"><div class=\"wpb_column vc_column_container vc_col-sm-6\"><div class=\"vc_column-inner\"><div class=\"wpb_wrapper\"><style type=\"text\/css\" data-type=\"the7_shortcodes-inline-css\">.gallery-shortcode.gallery-masonry-shortcode-id-cd0995fb7bf2494e0d8ae63c8417c21a figure,\n.gallery-shortcode.gallery-masonry-shortcode-id-cd0995fb7bf2494e0d8ae63c8417c21a .rollover,\n.gallery-shortcode.gallery-masonry-shortcode-id-cd0995fb7bf2494e0d8ae63c8417c21a img,\n.gallery-shortcode.gallery-masonry-shortcode-id-cd0995fb7bf2494e0d8ae63c8417c21a .gallery-rollover {\n  border-radius: 0px;\n}\n.gallery-shortcode.gallery-masonry-shortcode-id-cd0995fb7bf2494e0d8ae63c8417c21a.enable-bg-rollover .gallery-rollover {\n  background: -webkit-linear-gradient();\n  background: linear-gradient();\n}\n.gallery-shortcode.gallery-masonry-shortcode-id-cd0995fb7bf2494e0d8ae63c8417c21a.enable-bg-rollover.hover-scale figure .rollover:after {\n  background: -webkit-linear-gradient();\n  background: linear-gradient();\n}\n.gallery-shortcode.gallery-masonry-shortcode-id-cd0995fb7bf2494e0d8ae63c8417c21a .gallery-zoom-ico {\n  width: 44px;\n  height: 44px;\n  line-height: 44px;\n  border-radius: 100px;\n  margin: -22px 0 0 -22px;\n  border-width: 0px;\n  color: #ffffff;\n}\n.dt-icon-bg-on.gallery-shortcode.gallery-masonry-shortcode-id-cd0995fb7bf2494e0d8ae63c8417c21a .gallery-zoom-ico {\n  background: rgba(255,255,255,0.3);\n  box-shadow: none;\n}\n.gallery-shortcode.gallery-masonry-shortcode-id-cd0995fb7bf2494e0d8ae63c8417c21a .gallery-zoom-ico:before,\n.gallery-shortcode.gallery-masonry-shortcode-id-cd0995fb7bf2494e0d8ae63c8417c21a .gallery-zoom-ico span {\n  font-size: 32px;\n  line-height: 44px;\n  color: #ffffff;\n}\n.gallery-shortcode.gallery-masonry-shortcode-id-cd0995fb7bf2494e0d8ae63c8417c21a:not(.resize-by-browser-width) .dt-css-grid {\n  grid-row-gap: 10px;\n  grid-column-gap: 10px;\n  grid-template-columns: repeat(auto-fill,minmax(,1fr));\n}\n.gallery-shortcode.gallery-masonry-shortcode-id-cd0995fb7bf2494e0d8ae63c8417c21a:not(.resize-by-browser-width) .dt-css-grid .double-width {\n  grid-column: span 2;\n}\n.cssgridlegacy.no-cssgrid .gallery-shortcode.gallery-masonry-shortcode-id-cd0995fb7bf2494e0d8ae63c8417c21a:not(.resize-by-browser-width) .dt-css-grid,\n.no-cssgridlegacy.no-cssgrid .gallery-shortcode.gallery-masonry-shortcode-id-cd0995fb7bf2494e0d8ae63c8417c21a:not(.resize-by-browser-width) .dt-css-grid {\n  display: flex;\n  flex-flow: row wrap;\n  margin: -5px;\n}\n.cssgridlegacy.no-cssgrid .gallery-shortcode.gallery-masonry-shortcode-id-cd0995fb7bf2494e0d8ae63c8417c21a:not(.resize-by-browser-width) .dt-css-grid .wf-cell,\n.no-cssgridlegacy.no-cssgrid .gallery-shortcode.gallery-masonry-shortcode-id-cd0995fb7bf2494e0d8ae63c8417c21a:not(.resize-by-browser-width) .dt-css-grid .wf-cell {\n  flex: 1 0 ;\n  max-width: 100%;\n  padding: 5px;\n  box-sizing: border-box;\n}\n.gallery-shortcode.gallery-masonry-shortcode-id-cd0995fb7bf2494e0d8ae63c8417c21a.resize-by-browser-width .dt-css-grid {\n  grid-template-columns: repeat(2,1fr);\n  grid-template-rows: auto;\n  grid-column-gap: 10px;\n  grid-row-gap: 10px;\n}\n.gallery-shortcode.gallery-masonry-shortcode-id-cd0995fb7bf2494e0d8ae63c8417c21a.resize-by-browser-width .dt-css-grid .double-width {\n  grid-column: span 2;\n}\n.cssgridlegacy.no-cssgrid .gallery-shortcode.gallery-masonry-shortcode-id-cd0995fb7bf2494e0d8ae63c8417c21a.resize-by-browser-width .dt-css-grid {\n  margin: -5px;\n}\n.cssgridlegacy.no-cssgrid .gallery-shortcode.gallery-masonry-shortcode-id-cd0995fb7bf2494e0d8ae63c8417c21a.resize-by-browser-width .dt-css-grid .wf-cell {\n  width: 50%;\n  padding: 5px;\n}\n.cssgridlegacy.no-cssgrid .gallery-shortcode.gallery-masonry-shortcode-id-cd0995fb7bf2494e0d8ae63c8417c21a.resize-by-browser-width .dt-css-grid .wf-cell.double-width {\n  width: calc(50%) * 2;\n}\n.gallery-shortcode.gallery-masonry-shortcode-id-cd0995fb7bf2494e0d8ae63c8417c21a.resize-by-browser-width:not(.centered-layout-list):not(.content-bg-on) .dt-css-grid {\n  grid-row-gap: 10px - ;\n}\n@media screen and (max-width: 1199px) {\n  .gallery-shortcode.gallery-masonry-shortcode-id-cd0995fb7bf2494e0d8ae63c8417c21a.resize-by-browser-width .dt-css-grid {\n    grid-template-columns: repeat(2,1fr);\n  }\n  .cssgridlegacy.no-cssgrid .gallery-shortcode.gallery-masonry-shortcode-id-cd0995fb7bf2494e0d8ae63c8417c21a.resize-by-browser-width .dt-css-grid .wf-cell,\n  .no-cssgridlegacy.no-cssgrid .gallery-shortcode.gallery-masonry-shortcode-id-cd0995fb7bf2494e0d8ae63c8417c21a.resize-by-browser-width .dt-css-grid .wf-cell {\n    width: 50%;\n  }\n  .cssgridlegacy.no-cssgrid .gallery-shortcode.gallery-masonry-shortcode-id-cd0995fb7bf2494e0d8ae63c8417c21a.resize-by-browser-width .dt-css-grid .wf-cell.double-width,\n  .no-cssgridlegacy.no-cssgrid .gallery-shortcode.gallery-masonry-shortcode-id-cd0995fb7bf2494e0d8ae63c8417c21a.resize-by-browser-width .dt-css-grid .wf-cell.double-width {\n    width: calc(50%)*2;\n  }\n}\n@media screen and (max-width: 991px) {\n  .gallery-shortcode.gallery-masonry-shortcode-id-cd0995fb7bf2494e0d8ae63c8417c21a.resize-by-browser-width .dt-css-grid {\n    grid-template-columns: repeat(2,1fr);\n  }\n  .cssgridlegacy.no-cssgrid .gallery-shortcode.gallery-masonry-shortcode-id-cd0995fb7bf2494e0d8ae63c8417c21a.resize-by-browser-width .dt-css-grid .wf-cell,\n  .no-cssgridlegacy.no-cssgrid .gallery-shortcode.gallery-masonry-shortcode-id-cd0995fb7bf2494e0d8ae63c8417c21a.resize-by-browser-width .dt-css-grid .wf-cell {\n    width: 50%;\n  }\n  .cssgridlegacy.no-cssgrid .gallery-shortcode.gallery-masonry-shortcode-id-cd0995fb7bf2494e0d8ae63c8417c21a.resize-by-browser-width .dt-css-grid .wf-cell.double-width,\n  .no-cssgridlegacy.no-cssgrid .gallery-shortcode.gallery-masonry-shortcode-id-cd0995fb7bf2494e0d8ae63c8417c21a.resize-by-browser-width .dt-css-grid .wf-cell.double-width {\n    width: calc(50%)*2;\n  }\n}\n@media screen and (max-width: 767px) {\n  .gallery-shortcode.gallery-masonry-shortcode-id-cd0995fb7bf2494e0d8ae63c8417c21a.resize-by-browser-width .dt-css-grid {\n    grid-template-columns: repeat(1,1fr);\n  }\n  .cssgridlegacy.no-cssgrid .gallery-shortcode.gallery-masonry-shortcode-id-cd0995fb7bf2494e0d8ae63c8417c21a.resize-by-browser-width .dt-css-grid .wf-cell,\n  .no-cssgridlegacy.no-cssgrid .gallery-shortcode.gallery-masonry-shortcode-id-cd0995fb7bf2494e0d8ae63c8417c21a.resize-by-browser-width .dt-css-grid .wf-cell {\n    width: 100%;\n  }\n  .cssgridlegacy.no-cssgrid .gallery-shortcode.gallery-masonry-shortcode-id-cd0995fb7bf2494e0d8ae63c8417c21a.resize-by-browser-width .dt-css-grid .wf-cell.double-width,\n  .no-cssgridlegacy.no-cssgrid .gallery-shortcode.gallery-masonry-shortcode-id-cd0995fb7bf2494e0d8ae63c8417c21a.resize-by-browser-width .dt-css-grid .wf-cell.double-width {\n    width: calc(100%)*2;\n  }\n}\n<\/style><div class=\"gallery-shortcode dt-gallery-container gallery-masonry-shortcode-id-cd0995fb7bf2494e0d8ae63c8417c21a mode-grid jquery-filter dt-icon-bg-off quick-scale-img dt-css-grid-wrap enable-bg-rollover resize-by-browser-width  hover-fade loading-effect-none description-on-hover\" data-padding=\"5px\" data-cur-page=\"1\" data-post-limit=\"-1\" data-pagination-mode=\"none\" data-desktop-columns-num=\"2\" data-v-tablet-columns-num=\"2\" data-h-tablet-columns-num=\"2\" data-phone-columns-num=\"1\" data-width=\"0px\" data-columns=\"0\"><div class=\"dt-css-grid\" ><div class=\"wf-cell\" data-post-id=\"1118\" data-date=\"2021-12-15T17:48:15+00:00\" data-name=\"Res\u00edduos de Cart\u00e3o vindos do Retalho\"><figure class=\"post visible\"><a href=\"https:\/\/dev.linhambiente.pt\/wp-content\/uploads\/2021\/12\/Linhambiente_Residuos_Retalho_Cartao.jpg\" class=\"rollover dt-pswp-item layzr-bg\" data-large_image_width=\"1200\" data-large_image_height=\"673\" data-dt-img-description=\"\" title=\"Card Waste from Retail\"><img decoding=\"async\" class=\"preload-me iso-lazy-load\" src=\"data:image\/svg+xml,%3Csvg%20xmlns%3D&#39;http%3A%2F%2Fwww.w3.org%2F2000%2Fsvg&#39;%20viewBox%3D&#39;0%200%20673%20673&#39;%2F%3E\" data-src=\"https:\/\/dev.linhambiente.pt\/wp-content\/uploads\/2021\/12\/Linhambiente_Residuos_Retalho_Cartao-673x673.jpg\" data-srcset=\"https:\/\/dev.linhambiente.pt\/wp-content\/uploads\/2021\/12\/Linhambiente_Residuos_Retalho_Cartao-673x673.jpg 673w\" alt=\"Management of Card Waste resulting from the Retail area\" width=\"673\" height=\"673\"  \/><span class=\"gallery-rollover\"><span class=\"gallery-zoom-ico icomoon-the7-font-the7-zoom-06\"><span><\/span><\/span><\/span><\/a><\/figure><\/div><div class=\"wf-cell\" data-post-id=\"1207\" data-date=\"2021-12-16T13:20:39+00:00\" data-name=\"Recep\u00e7\u00e3o e Recolha de Pl\u00e1stico\"><figure class=\"post visible\"><a href=\"https:\/\/dev.linhambiente.pt\/wp-content\/uploads\/2021\/12\/Linhambiente_Materiais_Recepcao_Recolha_Plastico.jpg\" class=\"rollover dt-pswp-item layzr-bg\" data-large_image_width=\"1200\" data-large_image_height=\"673\" data-dt-img-description=\"\" title=\"Reception and Collection of Plastic\"><img decoding=\"async\" class=\"preload-me iso-lazy-load\" src=\"data:image\/svg+xml,%3Csvg%20xmlns%3D&#39;http%3A%2F%2Fwww.w3.org%2F2000%2Fsvg&#39;%20viewBox%3D&#39;0%200%20673%20673&#39;%2F%3E\" data-src=\"https:\/\/dev.linhambiente.pt\/wp-content\/uploads\/2021\/12\/Linhambiente_Materiais_Recepcao_Recolha_Plastico-673x673.jpg\" data-srcset=\"https:\/\/dev.linhambiente.pt\/wp-content\/uploads\/2021\/12\/Linhambiente_Materiais_Recepcao_Recolha_Plastico-673x673.jpg 673w\" alt=\"Linhambiente - Reception and Collection of Plastic\" width=\"673\" height=\"673\"  \/><span class=\"gallery-rollover\"><span class=\"gallery-zoom-ico icomoon-the7-font-the7-zoom-06\"><span><\/span><\/span><\/span><\/a><\/figure><\/div><div class=\"wf-cell\" data-post-id=\"1305\" data-date=\"2021-12-27T10:54:33+00:00\" data-name=\"Contentor Compactador para gest\u00e3o de res\u00edduos na Linhambiente\"><figure class=\"post visible\"><a href=\"https:\/\/dev.linhambiente.pt\/wp-content\/uploads\/2021\/12\/Linhambiente_Aluguer_Venda_Equipamentos_contentor_compactador.jpg\" class=\"rollover dt-pswp-item layzr-bg\" data-large_image_width=\"1200\" data-large_image_height=\"675\" data-dt-img-description=\"\" title=\"Compactor container for waste management in Linhambiente\"><img decoding=\"async\" class=\"preload-me iso-lazy-load\" src=\"data:image\/svg+xml,%3Csvg%20xmlns%3D&#39;http%3A%2F%2Fwww.w3.org%2F2000%2Fsvg&#39;%20viewBox%3D&#39;0%200%20675%20675&#39;%2F%3E\" data-src=\"https:\/\/dev.linhambiente.pt\/wp-content\/uploads\/2021\/12\/Linhambiente_Aluguer_Venda_Equipamentos_contentor_compactador-675x675.jpg\" data-srcset=\"https:\/\/dev.linhambiente.pt\/wp-content\/uploads\/2021\/12\/Linhambiente_Aluguer_Venda_Equipamentos_contentor_compactador-675x675.jpg 675w\" alt=\"Compactor container for waste management in Linhambiente\" width=\"675\" height=\"675\"  \/><span class=\"gallery-rollover\"><span class=\"gallery-zoom-ico icomoon-the7-font-the7-zoom-06\"><span><\/span><\/span><\/span><\/a><\/figure><\/div><\/div><!-- iso-container|iso-grid --><\/div><\/div><\/div><\/div><div class=\"wpb_column vc_column_container vc_col-sm-6\"><div class=\"vc_column-inner\"><div class=\"wpb_wrapper\">\n\t<div class=\"wpb_text_column wpb_content_element  vc_custom_1639590744357\" >\n\t\t<div class=\"wpb_wrapper\">\n\t\t\t<p data-renderer-start-pos=\"4519\"><span style=\"color: #000000;\">Waste is a constant and in the retail area, space is always scarce and valuable. Therefore, space optimization is key.<\/span><\/p>\n<p data-renderer-start-pos=\"4650\"><span style=\"color: #000000;\">At Linhambiente, we always seek the appropriate solution for the Client, depending on their waste, space and characteristics.<\/span><\/p>\n<p data-renderer-start-pos=\"4784\"><strong><span style=\"color: #000000;\">Contact us for more information.<\/span><\/strong><\/p>\n<p data-renderer-start-pos=\"4821\"><span style=\"color: #000000;\">The environment thanks you.<\/span><\/p>\n\n\t\t<\/div>\n\t<\/div>\n<\/div><\/div><\/div><\/div><div data-vc-full-width=\"true\" data-vc-full-width-init=\"false\" class=\"vc_row wpb_row vc_row-fluid vc_custom_1632408959763 vc_row-has-fill\"><div class=\"wpb_column vc_column_container vc_col-sm-12\"><div class=\"vc_column-inner\"><div class=\"wpb_wrapper\"><div id=\"ultimate-heading-12669e63cb5a6d47\" class=\"uvc-heading ult-adjust-bottom-margin ultimate-heading-12669e63cb5a6d47 uvc-6045  uvc-heading-default-font-sizes\" data-hspacer=\"no_spacer\"  data-halign=\"center\" style=\"text-align:center\"><div class=\"uvc-heading-spacer no_spacer\" style=\"top\"><\/div><div class=\"uvc-main-heading ult-responsive\"  data-ultimate-target='.uvc-heading.ultimate-heading-12669e63cb5a6d47 h3'  data-responsive-json-new='{\"font-size\":\"\",\"line-height\":\"\"}' ><h3 style=\"font-weight:bold;color:#000000;margin-bottom:20px;\">For more information or quote requests<\/h3><\/div><\/div><style type=\"text\/css\" data-type=\"the7_shortcodes-inline-css\">#default-btn-68a0863deefdb1856422c9576858b7fc.ico-right-side > i {\n  margin-right: 0px;\n  margin-left: 8px;\n}\n#default-btn-68a0863deefdb1856422c9576858b7fc > i {\n  margin-right: 8px;\n}\n<\/style><div class=\"btn-align-center\"><a href=\"https:\/\/linhambiente.pt\/contactos\/\" class=\"default-btn-shortcode dt-btn dt-btn-l link-hover-off  vc_custom_1639590433403\" id=\"default-btn-68a0863deefdb1856422c9576858b7fc\" title=\"Contacts\"><i class=\"far fa-comments\"><\/i><span>Contact us<\/span><\/a><\/div>\n\t<div class=\"wpb_text_column wpb_content_element\" >\n\t\t<div class=\"wpb_wrapper\">\n\t\t\t<p style=\"text-align: center;\"><span style=\"color: #000000;\">Or send us an email to <strong><a style=\"color: #000000; text-decoration: none;\" href=\"mailto:geral@linhambiente.pt\">geral@linhambiente.pt<\/a><\/strong><\/span><\/p>\n\n\t\t<\/div>\n\t<\/div>\n<\/div><\/div><\/div><\/div><div class=\"vc_row-full-width vc_clearfix\"><\/div>","protected":false},"excerpt":{"rendered":"<p>Os res\u00edduos s\u00e3o uma constante e na \u00e1rea do retalho, o espa\u00e7o \u00e9 sempre pouco e valioso. Por isso, a optimiza\u00e7\u00e3o do espa\u00e7o \u00e9 chave. Na Linhambiente, procuramos sempre a solu\u00e7\u00e3o adequada ao Cliente, em fun\u00e7\u00e3o dos seus res\u00edduos, do seu espa\u00e7o e suas caracter\u00edsticas. Contacte-nos para mais informa\u00e7\u00f5es. O Ambiente agradece. Para mais Informa\u00e7\u00f5es&hellip;<\/p>","protected":false},"author":1,"featured_media":0,"parent":12,"menu_order":25,"comment_status":"closed","ping_status":"closed","template":"","meta":{"footnotes":""},"class_list":["post-814","page","type-page","status-publish","hentry","description-off"],"_links":{"self":[{"href":"https:\/\/dev.linhambiente.pt\/en\/wp-json\/wp\/v2\/pages\/814","targetHints":{"allow":["GET"]}}],"collection":[{"href":"https:\/\/dev.linhambiente.pt\/en\/wp-json\/wp\/v2\/pages"}],"about":[{"href":"https:\/\/dev.linhambiente.pt\/en\/wp-json\/wp\/v2\/types\/page"}],"author":[{"embeddable":true,"href":"https:\/\/dev.linhambiente.pt\/en\/wp-json\/wp\/v2\/users\/1"}],"replies":[{"embeddable":true,"href":"https:\/\/dev.linhambiente.pt\/en\/wp-json\/wp\/v2\/comments?post=814"}],"version-history":[{"count":13,"href":"https:\/\/dev.linhambiente.pt\/en\/wp-json\/wp\/v2\/pages\/814\/revisions"}],"predecessor-version":[{"id":1399,"href":"https:\/\/dev.linhambiente.pt\/en\/wp-json\/wp\/v2\/pages\/814\/revisions\/1399"}],"up":[{"embeddable":true,"href":"https:\/\/dev.linhambiente.pt\/en\/wp-json\/wp\/v2\/pages\/12"}],"wp:attachment":[{"href":"https:\/\/dev.linhambiente.pt\/en\/wp-json\/wp\/v2\/media?parent=814"}],"curies":[{"name":"wp","href":"https:\/\/api.w.org\/{rel}","templated":true}]}}