{"id":667,"date":"2021-09-23T15:11:13","date_gmt":"2021-09-23T15:11:13","guid":{"rendered":"https:\/\/linhaambiente-beta.ynexus.com\/?page_id=667"},"modified":"2021-12-27T10:49:36","modified_gmt":"2021-12-27T10:49:36","slug":"area-construcao-civil","status":"publish","type":"page","link":"https:\/\/dev.linhambiente.pt\/en\/waste-management-services\/construction-area\/","title":{"rendered":"Construction Area"},"content":{"rendered":"<div class=\"vc_row wpb_row vc_row-fluid vc_custom_1639591041314 vc_row-o-equal-height vc_row-o-content-middle vc_row-flex\"><div class=\"wpb_column vc_column_container vc_col-sm-6\"><div class=\"vc_column-inner\"><div class=\"wpb_wrapper\"><style type=\"text\/css\" data-type=\"the7_shortcodes-inline-css\">.gallery-shortcode.gallery-masonry-shortcode-id-bc31507e3e2ee340a79e95bf11ff0e37 figure,\n.gallery-shortcode.gallery-masonry-shortcode-id-bc31507e3e2ee340a79e95bf11ff0e37 .rollover,\n.gallery-shortcode.gallery-masonry-shortcode-id-bc31507e3e2ee340a79e95bf11ff0e37 img,\n.gallery-shortcode.gallery-masonry-shortcode-id-bc31507e3e2ee340a79e95bf11ff0e37 .gallery-rollover {\n  border-radius: 0px;\n}\n.gallery-shortcode.gallery-masonry-shortcode-id-bc31507e3e2ee340a79e95bf11ff0e37.enable-bg-rollover .gallery-rollover {\n  background: -webkit-linear-gradient();\n  background: linear-gradient();\n}\n.gallery-shortcode.gallery-masonry-shortcode-id-bc31507e3e2ee340a79e95bf11ff0e37.enable-bg-rollover.hover-scale figure .rollover:after {\n  background: -webkit-linear-gradient();\n  background: linear-gradient();\n}\n.gallery-shortcode.gallery-masonry-shortcode-id-bc31507e3e2ee340a79e95bf11ff0e37 .gallery-zoom-ico {\n  width: 44px;\n  height: 44px;\n  line-height: 44px;\n  border-radius: 100px;\n  margin: -22px 0 0 -22px;\n  border-width: 0px;\n  color: #ffffff;\n}\n.dt-icon-bg-on.gallery-shortcode.gallery-masonry-shortcode-id-bc31507e3e2ee340a79e95bf11ff0e37 .gallery-zoom-ico {\n  background: rgba(255,255,255,0.3);\n  box-shadow: none;\n}\n.gallery-shortcode.gallery-masonry-shortcode-id-bc31507e3e2ee340a79e95bf11ff0e37 .gallery-zoom-ico:before,\n.gallery-shortcode.gallery-masonry-shortcode-id-bc31507e3e2ee340a79e95bf11ff0e37 .gallery-zoom-ico span {\n  font-size: 32px;\n  line-height: 44px;\n  color: #ffffff;\n}\n.gallery-shortcode.gallery-masonry-shortcode-id-bc31507e3e2ee340a79e95bf11ff0e37:not(.resize-by-browser-width) .dt-css-grid {\n  grid-row-gap: 10px;\n  grid-column-gap: 10px;\n  grid-template-columns: repeat(auto-fill,minmax(,1fr));\n}\n.gallery-shortcode.gallery-masonry-shortcode-id-bc31507e3e2ee340a79e95bf11ff0e37:not(.resize-by-browser-width) .dt-css-grid .double-width {\n  grid-column: span 2;\n}\n.cssgridlegacy.no-cssgrid .gallery-shortcode.gallery-masonry-shortcode-id-bc31507e3e2ee340a79e95bf11ff0e37:not(.resize-by-browser-width) .dt-css-grid,\n.no-cssgridlegacy.no-cssgrid .gallery-shortcode.gallery-masonry-shortcode-id-bc31507e3e2ee340a79e95bf11ff0e37:not(.resize-by-browser-width) .dt-css-grid {\n  display: flex;\n  flex-flow: row wrap;\n  margin: -5px;\n}\n.cssgridlegacy.no-cssgrid .gallery-shortcode.gallery-masonry-shortcode-id-bc31507e3e2ee340a79e95bf11ff0e37:not(.resize-by-browser-width) .dt-css-grid .wf-cell,\n.no-cssgridlegacy.no-cssgrid .gallery-shortcode.gallery-masonry-shortcode-id-bc31507e3e2ee340a79e95bf11ff0e37:not(.resize-by-browser-width) .dt-css-grid .wf-cell {\n  flex: 1 0 ;\n  max-width: 100%;\n  padding: 5px;\n  box-sizing: border-box;\n}\n.gallery-shortcode.gallery-masonry-shortcode-id-bc31507e3e2ee340a79e95bf11ff0e37.resize-by-browser-width .dt-css-grid {\n  grid-template-columns: repeat(2,1fr);\n  grid-template-rows: auto;\n  grid-column-gap: 10px;\n  grid-row-gap: 10px;\n}\n.gallery-shortcode.gallery-masonry-shortcode-id-bc31507e3e2ee340a79e95bf11ff0e37.resize-by-browser-width .dt-css-grid .double-width {\n  grid-column: span 2;\n}\n.cssgridlegacy.no-cssgrid .gallery-shortcode.gallery-masonry-shortcode-id-bc31507e3e2ee340a79e95bf11ff0e37.resize-by-browser-width .dt-css-grid {\n  margin: -5px;\n}\n.cssgridlegacy.no-cssgrid .gallery-shortcode.gallery-masonry-shortcode-id-bc31507e3e2ee340a79e95bf11ff0e37.resize-by-browser-width .dt-css-grid .wf-cell {\n  width: 50%;\n  padding: 5px;\n}\n.cssgridlegacy.no-cssgrid .gallery-shortcode.gallery-masonry-shortcode-id-bc31507e3e2ee340a79e95bf11ff0e37.resize-by-browser-width .dt-css-grid .wf-cell.double-width {\n  width: calc(50%) * 2;\n}\n.gallery-shortcode.gallery-masonry-shortcode-id-bc31507e3e2ee340a79e95bf11ff0e37.resize-by-browser-width:not(.centered-layout-list):not(.content-bg-on) .dt-css-grid {\n  grid-row-gap: 10px - ;\n}\n@media screen and (max-width: 1199px) {\n  .gallery-shortcode.gallery-masonry-shortcode-id-bc31507e3e2ee340a79e95bf11ff0e37.resize-by-browser-width .dt-css-grid {\n    grid-template-columns: repeat(2,1fr);\n  }\n  .cssgridlegacy.no-cssgrid .gallery-shortcode.gallery-masonry-shortcode-id-bc31507e3e2ee340a79e95bf11ff0e37.resize-by-browser-width .dt-css-grid .wf-cell,\n  .no-cssgridlegacy.no-cssgrid .gallery-shortcode.gallery-masonry-shortcode-id-bc31507e3e2ee340a79e95bf11ff0e37.resize-by-browser-width .dt-css-grid .wf-cell {\n    width: 50%;\n  }\n  .cssgridlegacy.no-cssgrid .gallery-shortcode.gallery-masonry-shortcode-id-bc31507e3e2ee340a79e95bf11ff0e37.resize-by-browser-width .dt-css-grid .wf-cell.double-width,\n  .no-cssgridlegacy.no-cssgrid .gallery-shortcode.gallery-masonry-shortcode-id-bc31507e3e2ee340a79e95bf11ff0e37.resize-by-browser-width .dt-css-grid .wf-cell.double-width {\n    width: calc(50%)*2;\n  }\n}\n@media screen and (max-width: 991px) {\n  .gallery-shortcode.gallery-masonry-shortcode-id-bc31507e3e2ee340a79e95bf11ff0e37.resize-by-browser-width .dt-css-grid {\n    grid-template-columns: repeat(1,1fr);\n  }\n  .cssgridlegacy.no-cssgrid .gallery-shortcode.gallery-masonry-shortcode-id-bc31507e3e2ee340a79e95bf11ff0e37.resize-by-browser-width .dt-css-grid .wf-cell,\n  .no-cssgridlegacy.no-cssgrid .gallery-shortcode.gallery-masonry-shortcode-id-bc31507e3e2ee340a79e95bf11ff0e37.resize-by-browser-width .dt-css-grid .wf-cell {\n    width: 100%;\n  }\n  .cssgridlegacy.no-cssgrid .gallery-shortcode.gallery-masonry-shortcode-id-bc31507e3e2ee340a79e95bf11ff0e37.resize-by-browser-width .dt-css-grid .wf-cell.double-width,\n  .no-cssgridlegacy.no-cssgrid .gallery-shortcode.gallery-masonry-shortcode-id-bc31507e3e2ee340a79e95bf11ff0e37.resize-by-browser-width .dt-css-grid .wf-cell.double-width {\n    width: calc(100%)*2;\n  }\n}\n@media screen and (max-width: 767px) {\n  .gallery-shortcode.gallery-masonry-shortcode-id-bc31507e3e2ee340a79e95bf11ff0e37.resize-by-browser-width .dt-css-grid {\n    grid-template-columns: repeat(1,1fr);\n  }\n  .cssgridlegacy.no-cssgrid .gallery-shortcode.gallery-masonry-shortcode-id-bc31507e3e2ee340a79e95bf11ff0e37.resize-by-browser-width .dt-css-grid .wf-cell,\n  .no-cssgridlegacy.no-cssgrid .gallery-shortcode.gallery-masonry-shortcode-id-bc31507e3e2ee340a79e95bf11ff0e37.resize-by-browser-width .dt-css-grid .wf-cell {\n    width: 100%;\n  }\n  .cssgridlegacy.no-cssgrid .gallery-shortcode.gallery-masonry-shortcode-id-bc31507e3e2ee340a79e95bf11ff0e37.resize-by-browser-width .dt-css-grid .wf-cell.double-width,\n  .no-cssgridlegacy.no-cssgrid .gallery-shortcode.gallery-masonry-shortcode-id-bc31507e3e2ee340a79e95bf11ff0e37.resize-by-browser-width .dt-css-grid .wf-cell.double-width {\n    width: calc(100%)*2;\n  }\n}\n<\/style><div class=\"gallery-shortcode dt-gallery-container gallery-masonry-shortcode-id-bc31507e3e2ee340a79e95bf11ff0e37 mode-grid jquery-filter dt-icon-bg-off quick-scale-img dt-css-grid-wrap enable-bg-rollover resize-by-browser-width  hover-fade loading-effect-none description-on-hover\" data-padding=\"5px\" data-cur-page=\"1\" data-post-limit=\"-1\" data-pagination-mode=\"none\" data-desktop-columns-num=\"2\" data-v-tablet-columns-num=\"1\" data-h-tablet-columns-num=\"2\" data-phone-columns-num=\"1\" data-width=\"0px\" data-columns=\"0\"><div class=\"dt-css-grid\" ><div class=\"wf-cell\" data-post-id=\"1287\" data-date=\"2021-12-27T10:48:53+00:00\" data-name=\"Gest\u00e3o de Res\u00edduos de Obras de Constru\u00e7\u00e3o Civil - Telhas e Tijolos\"><figure class=\"post visible\"><a href=\"https:\/\/dev.linhambiente.pt\/wp-content\/uploads\/2021\/12\/Linhambiente_Gestao_Residuos_Construcao_Telhas_Tijolo.jpg\" class=\"rollover dt-pswp-item layzr-bg\" data-large_image_width=\"1200\" data-large_image_height=\"675\" data-dt-img-description=\"\" title=\"Waste Management from Civil Construction Works - Tiles and Bricks\"><img decoding=\"async\" class=\"preload-me iso-lazy-load\" src=\"data:image\/svg+xml,%3Csvg%20xmlns%3D&#39;http%3A%2F%2Fwww.w3.org%2F2000%2Fsvg&#39;%20viewBox%3D&#39;0%200%20990%20557&#39;%2F%3E\" data-src=\"https:\/\/dev.linhambiente.pt\/wp-content\/uploads\/2021\/12\/Linhambiente_Gestao_Residuos_Construcao_Telhas_Tijolo-990x557.jpg\" data-srcset=\"https:\/\/dev.linhambiente.pt\/wp-content\/uploads\/2021\/12\/Linhambiente_Gestao_Residuos_Construcao_Telhas_Tijolo-990x557.jpg 990w, https:\/\/dev.linhambiente.pt\/wp-content\/uploads\/2021\/12\/Linhambiente_Gestao_Residuos_Construcao_Telhas_Tijolo.jpg 1199w\" alt=\"Tiles and Bricks resulting from Civil Construction to carry out the appropriate Waste Management\" width=\"990\" height=\"557\"  \/><span class=\"gallery-rollover\"><span class=\"gallery-zoom-ico icomoon-the7-font-the7-zoom-06\"><span><\/span><\/span><\/span><\/a><\/figure><\/div><div class=\"wf-cell\" data-post-id=\"1285\" data-date=\"2021-12-27T10:48:50+00:00\" data-name=\"Gest\u00e3o de Res\u00edduos de Obras de Constru\u00e7\u00e3o Civil - Ferro\"><figure class=\"post visible\"><a href=\"https:\/\/dev.linhambiente.pt\/wp-content\/uploads\/2021\/12\/Linhambiente_Gestao_Residuos_Construcao_Ferro.jpg\" class=\"rollover dt-pswp-item layzr-bg\" data-large_image_width=\"1200\" data-large_image_height=\"675\" data-dt-img-description=\"\" title=\"Management of Civil Construction Works Waste - Iron\"><img decoding=\"async\" class=\"preload-me iso-lazy-load\" src=\"data:image\/svg+xml,%3Csvg%20xmlns%3D&#39;http%3A%2F%2Fwww.w3.org%2F2000%2Fsvg&#39;%20viewBox%3D&#39;0%200%20990%20557&#39;%2F%3E\" data-src=\"https:\/\/dev.linhambiente.pt\/wp-content\/uploads\/2021\/12\/Linhambiente_Gestao_Residuos_Construcao_Ferro-990x557.jpg\" data-srcset=\"https:\/\/dev.linhambiente.pt\/wp-content\/uploads\/2021\/12\/Linhambiente_Gestao_Residuos_Construcao_Ferro-990x557.jpg 990w, https:\/\/dev.linhambiente.pt\/wp-content\/uploads\/2021\/12\/Linhambiente_Gestao_Residuos_Construcao_Ferro.jpg 1199w\" alt=\"Iron from Civil Construction Works for Waste Management\" width=\"990\" height=\"557\"  \/><span class=\"gallery-rollover\"><span class=\"gallery-zoom-ico icomoon-the7-font-the7-zoom-06\"><span><\/span><\/span><\/span><\/a><\/figure><\/div><div class=\"wf-cell\" data-post-id=\"1286\" data-date=\"2021-12-27T10:48:52+00:00\" data-name=\"Gest\u00e3o de Res\u00edduos de Obras de Constru\u00e7\u00e3o Civil - Bet\u00e3o\"><figure class=\"post visible\"><a href=\"https:\/\/dev.linhambiente.pt\/wp-content\/uploads\/2021\/12\/Linhambiente_Gestao_Residuos_Construcao_Pedra_Tijolo.jpg\" class=\"rollover dt-pswp-item layzr-bg\" data-large_image_width=\"1200\" data-large_image_height=\"675\" data-dt-img-description=\"\" title=\"Waste Management from Civil Construction Works - Concrete\"><img decoding=\"async\" class=\"preload-me iso-lazy-load\" src=\"data:image\/svg+xml,%3Csvg%20xmlns%3D&#39;http%3A%2F%2Fwww.w3.org%2F2000%2Fsvg&#39;%20viewBox%3D&#39;0%200%20990%20557&#39;%2F%3E\" data-src=\"https:\/\/dev.linhambiente.pt\/wp-content\/uploads\/2021\/12\/Linhambiente_Gestao_Residuos_Construcao_Pedra_Tijolo-990x557.jpg\" data-srcset=\"https:\/\/dev.linhambiente.pt\/wp-content\/uploads\/2021\/12\/Linhambiente_Gestao_Residuos_Construcao_Pedra_Tijolo-990x557.jpg 990w, https:\/\/dev.linhambiente.pt\/wp-content\/uploads\/2021\/12\/Linhambiente_Gestao_Residuos_Construcao_Pedra_Tijolo.jpg 1199w\" alt=\"Concrete and Brick resulting from Demolition and Works for a correct Waste Management\" width=\"990\" height=\"557\"  \/><span class=\"gallery-rollover\"><span class=\"gallery-zoom-ico icomoon-the7-font-the7-zoom-06\"><span><\/span><\/span><\/span><\/a><\/figure><\/div><div class=\"wf-cell\" data-post-id=\"1288\" data-date=\"2021-12-27T10:48:55+00:00\" data-name=\"Gest\u00e3o de Res\u00edduos de Obras de Constru\u00e7\u00e3o Civil - Cascalho\"><figure class=\"post visible\"><a href=\"https:\/\/dev.linhambiente.pt\/wp-content\/uploads\/2021\/12\/Linhambiente_Gestao_Residuos_Construcao_Tijolo_Cimento_Big_Bag.jpg\" class=\"rollover dt-pswp-item layzr-bg\" data-large_image_width=\"1200\" data-large_image_height=\"675\" data-dt-img-description=\"\" title=\"Management of Civil Construction Works Waste - Gravel\"><img decoding=\"async\" class=\"preload-me iso-lazy-load\" src=\"data:image\/svg+xml,%3Csvg%20xmlns%3D&#39;http%3A%2F%2Fwww.w3.org%2F2000%2Fsvg&#39;%20viewBox%3D&#39;0%200%20990%20557&#39;%2F%3E\" data-src=\"https:\/\/dev.linhambiente.pt\/wp-content\/uploads\/2021\/12\/Linhambiente_Gestao_Residuos_Construcao_Tijolo_Cimento_Big_Bag-990x557.jpg\" data-srcset=\"https:\/\/dev.linhambiente.pt\/wp-content\/uploads\/2021\/12\/Linhambiente_Gestao_Residuos_Construcao_Tijolo_Cimento_Big_Bag-990x557.jpg 990w, https:\/\/dev.linhambiente.pt\/wp-content\/uploads\/2021\/12\/Linhambiente_Gestao_Residuos_Construcao_Tijolo_Cimento_Big_Bag.jpg 1199w\" alt=\"Gravel Waste from Civil Construction stored in Big Bags\" width=\"990\" height=\"557\"  \/><span class=\"gallery-rollover\"><span class=\"gallery-zoom-ico icomoon-the7-font-the7-zoom-06\"><span><\/span><\/span><\/span><\/a><\/figure><\/div><\/div><!-- iso-container|iso-grid --><\/div><\/div><\/div><\/div><div class=\"wpb_column vc_column_container vc_col-sm-6\"><div class=\"vc_column-inner\"><div class=\"wpb_wrapper\">\n\t<div class=\"wpb_text_column wpb_content_element  vc_custom_1639591081298\" >\n\t\t<div class=\"wpb_wrapper\">\n\t\t\t<p data-renderer-start-pos=\"5642\"><span style=\"color: #000000;\">Any work, whether construction, reconstruction or demolition generates waste. CDW, Construction and demolition waste is a problem for any builder or construction owner.<\/span><\/p>\n<p data-renderer-start-pos=\"5820\"><span style=\"color: #000000;\">Regardless of the size of the work, we have the means to collect and forward this waste.<\/span><br \/>\n<span style=\"color: #000000;\">Trust Linhambiente for the correct treatment of waste and for the issuance of CDW Reception Certificates, necessary for licensing.<\/span><\/p>\n<p data-renderer-start-pos=\"6076\"><span style=\"color: #000000;\">Avoid the problems, contact us for the solutions.<\/span><\/p>\n<p><span style=\"color: #000000;\"><strong>Contact us for more information.<\/strong><\/span><\/p>\n<p><span style=\"color: #000000;\">The environment thanks you.<\/span><\/p>\n\n\t\t<\/div>\n\t<\/div>\n<\/div><\/div><\/div><\/div><div data-vc-full-width=\"true\" data-vc-full-width-init=\"false\" class=\"vc_row wpb_row vc_row-fluid vc_custom_1632408959763 vc_row-has-fill\"><div class=\"wpb_column vc_column_container vc_col-sm-12\"><div class=\"vc_column-inner\"><div class=\"wpb_wrapper\"><div id=\"ultimate-heading-151169e63c735fa97\" class=\"uvc-heading ult-adjust-bottom-margin ultimate-heading-151169e63c735fa97 uvc-4240  uvc-heading-default-font-sizes\" data-hspacer=\"no_spacer\"  data-halign=\"center\" style=\"text-align:center\"><div class=\"uvc-heading-spacer no_spacer\" style=\"top\"><\/div><div class=\"uvc-main-heading ult-responsive\"  data-ultimate-target='.uvc-heading.ultimate-heading-151169e63c735fa97 h3'  data-responsive-json-new='{\"font-size\":\"\",\"line-height\":\"\"}' ><h3 style=\"font-weight:bold;color:#000000;margin-bottom:20px;\">For more information or quote requests<\/h3><\/div><\/div><style type=\"text\/css\" data-type=\"the7_shortcodes-inline-css\">#default-btn-30d3c401d5af1bd2561b0e63122ed9bf.ico-right-side > i {\n  margin-right: 0px;\n  margin-left: 8px;\n}\n#default-btn-30d3c401d5af1bd2561b0e63122ed9bf > i {\n  margin-right: 8px;\n}\n<\/style><div class=\"btn-align-center\"><a href=\"https:\/\/linhambiente.pt\/contactos\/\" class=\"default-btn-shortcode dt-btn dt-btn-l link-hover-off  vc_custom_1639591103031\" id=\"default-btn-30d3c401d5af1bd2561b0e63122ed9bf\" title=\"Contacts\"><i class=\"far fa-comments\"><\/i><span>Contact us<\/span><\/a><\/div>\n\t<div class=\"wpb_text_column wpb_content_element\" >\n\t\t<div class=\"wpb_wrapper\">\n\t\t\t<p style=\"text-align: center;\"><span style=\"color: #000000;\">Or send us an email to <strong><a style=\"color: #000000; text-decoration: none;\" href=\"mailto:geral@linhambiente.pt\">geral@linhambiente.pt<\/a><\/strong><\/span><\/p>\n\n\t\t<\/div>\n\t<\/div>\n<\/div><\/div><\/div><\/div><div class=\"vc_row-full-width vc_clearfix\"><\/div>","protected":false},"excerpt":{"rendered":"<p>Qualquer obra, seja constru\u00e7\u00e3o, reconstru\u00e7\u00e3o ou demoli\u00e7\u00e3o gera res\u00edduos. Os RCD\u2019s, res\u00edduos de constru\u00e7\u00e3o e demoli\u00e7\u00e3o, s\u00e3o um problema para qualquer construtor ou dono de obra. Independentemente da dimens\u00e3o da obra, temos os meios para a recolha e encaminhamento destes res\u00edduos. Confie na Linhambiente para o correcto tratamento dos res\u00edduos e para a emiss\u00e3o dos&hellip;<\/p>","protected":false},"author":1,"featured_media":0,"parent":12,"menu_order":25,"comment_status":"closed","ping_status":"closed","template":"","meta":{"footnotes":""},"class_list":["post-667","page","type-page","status-publish","hentry","description-off"],"_links":{"self":[{"href":"https:\/\/dev.linhambiente.pt\/en\/wp-json\/wp\/v2\/pages\/667","targetHints":{"allow":["GET"]}}],"collection":[{"href":"https:\/\/dev.linhambiente.pt\/en\/wp-json\/wp\/v2\/pages"}],"about":[{"href":"https:\/\/dev.linhambiente.pt\/en\/wp-json\/wp\/v2\/types\/page"}],"author":[{"embeddable":true,"href":"https:\/\/dev.linhambiente.pt\/en\/wp-json\/wp\/v2\/users\/1"}],"replies":[{"embeddable":true,"href":"https:\/\/dev.linhambiente.pt\/en\/wp-json\/wp\/v2\/comments?post=667"}],"version-history":[{"count":11,"href":"https:\/\/dev.linhambiente.pt\/en\/wp-json\/wp\/v2\/pages\/667\/revisions"}],"predecessor-version":[{"id":1290,"href":"https:\/\/dev.linhambiente.pt\/en\/wp-json\/wp\/v2\/pages\/667\/revisions\/1290"}],"up":[{"embeddable":true,"href":"https:\/\/dev.linhambiente.pt\/en\/wp-json\/wp\/v2\/pages\/12"}],"wp:attachment":[{"href":"https:\/\/dev.linhambiente.pt\/en\/wp-json\/wp\/v2\/media?parent=667"}],"curies":[{"name":"wp","href":"https:\/\/api.w.org\/{rel}","templated":true}]}}