{"id":12,"date":"2019-01-23T15:26:20","date_gmt":"2019-01-23T15:26:20","guid":{"rendered":"https:\/\/the7.io\/weed\/?page_id=12"},"modified":"2022-03-02T16:03:30","modified_gmt":"2022-03-02T16:03:30","slug":"servico-gestao-de-residuos","status":"publish","type":"page","link":"https:\/\/dev.linhambiente.pt\/en\/waste-management-services\/","title":{"rendered":"Waste Management Services"},"content":{"rendered":"<div class=\"vc_row wpb_row vc_row-fluid vc_custom_1634127382832\"><div class=\"wpb_column vc_column_container vc_col-sm-12\"><div class=\"vc_column-inner\"><div class=\"wpb_wrapper\"><div id=\"ultimate-heading-244069e65bd831ef3\" class=\"uvc-heading ult-adjust-bottom-margin ultimate-heading-244069e65bd831ef3 uvc-7232 accent-title-color color-title\" data-hspacer=\"no_spacer\"  data-halign=\"center\" style=\"text-align:center\"><div class=\"uvc-heading-spacer no_spacer\" style=\"top\"><\/div><div class=\"uvc-main-heading ult-responsive\"  data-ultimate-target='.uvc-heading.ultimate-heading-244069e65bd831ef3 h2'  data-responsive-json-new='{\"font-size\":\"desktop:34px;\",\"line-height\":\"desktop:28px;\"}' ><h2 style=\"font-weight:bold;margin-bottom:10px;\">Integrated waste management solutions for your business<\/h2><\/div><\/div>\n\t<div class=\"wpb_text_column wpb_content_element  vc_custom_1639754948134\" >\n\t\t<div class=\"wpb_wrapper\">\n\t\t\t<p style=\"text-align: center;\"><span style=\"font-weight: 400; color: #000000;\">What can we do for the waste your business produces?<\/span><\/p>\n\n\t\t<\/div>\n\t<\/div>\n<\/div><\/div><\/div><\/div><div class=\"vc_row wpb_row vc_row-fluid vc_custom_1639586968691\"><div class=\"wpb_column vc_column_container vc_col-sm-3\"><div class=\"vc_column-inner\"><div class=\"wpb_wrapper\"><div class=\"ult-just-icon-wrapper\"><div class=\"align-icon\" style=\"text-align:center;\">\n<div class=\"aio-icon-img\" style=\"font-size:55px;background:#ffffff;border-style:solid;border-color:#9cc550;border-width:4px;padding:30px;border-radius:5px;display:inline-block;\" >\n\t<img decoding=\"async\" class=\"img-icon\" alt=\"null\" src=\"https:\/\/dev.linhambiente.pt\/wp-content\/uploads\/2021\/09\/acondicionamento.svg\"\/>\n<\/div><\/div><\/div><div id=\"ultimate-heading-745969e65bd833b9e\" class=\"uvc-heading ult-adjust-bottom-margin ultimate-heading-745969e65bd833b9e uvc-8960  uvc-heading-default-font-sizes\" data-hspacer=\"no_spacer\"  data-halign=\"center\" style=\"text-align:center\"><div class=\"uvc-heading-spacer no_spacer\" style=\"top\"><\/div><div class=\"uvc-main-heading ult-responsive\"  data-ultimate-target='.uvc-heading.ultimate-heading-745969e65bd833b9e h4'  data-responsive-json-new='{\"font-size\":\"\",\"line-height\":\"\"}' ><h4 style=\"font-weight:bold;color:#9cc550;margin-top:15px;margin-bottom:10px;\">Packaging<\/h4><\/div><\/div><\/div><\/div><\/div><div class=\"wpb_column vc_column_container vc_col-sm-3\"><div class=\"vc_column-inner\"><div class=\"wpb_wrapper\"><div class=\"ult-just-icon-wrapper\"><div class=\"align-icon\" style=\"text-align:center;\">\n<div class=\"aio-icon-img\" style=\"font-size:70px;background:#ffffff;border-style:solid;border-color:#9cc550;border-width:4px;padding:35px;border-radius:5px;display:inline-block;\" >\n\t<img decoding=\"async\" class=\"img-icon\" alt=\"null\" src=\"https:\/\/dev.linhambiente.pt\/wp-content\/uploads\/2021\/09\/recolha.svg\"\/>\n<\/div><\/div><\/div><div id=\"ultimate-heading-961269e65bd834699\" class=\"uvc-heading ult-adjust-bottom-margin ultimate-heading-961269e65bd834699 uvc-5269  uvc-heading-default-font-sizes\" data-hspacer=\"no_spacer\"  data-halign=\"center\" style=\"text-align:center\"><div class=\"uvc-heading-spacer no_spacer\" style=\"top\"><\/div><div class=\"uvc-main-heading ult-responsive\"  data-ultimate-target='.uvc-heading.ultimate-heading-961269e65bd834699 h4'  data-responsive-json-new='{\"font-size\":\"\",\"line-height\":\"\"}' ><h4 style=\"font-weight:bold;color:#9cc550;margin-top:15px;margin-bottom:10px;\">Collection<\/h4><\/div><\/div><\/div><\/div><\/div><div class=\"wpb_column vc_column_container vc_col-sm-3\"><div class=\"vc_column-inner\"><div class=\"wpb_wrapper\"><div class=\"ult-just-icon-wrapper\"><div class=\"align-icon\" style=\"text-align:center;\">\n<div class=\"aio-icon-img\" style=\"font-size:55px;background:#ffffff;border-style:solid;border-color:#9cc550;border-width:4px;padding:40px;border-radius:5px;display:inline-block;\" >\n\t<img decoding=\"async\" class=\"img-icon\" alt=\"null\" src=\"https:\/\/dev.linhambiente.pt\/wp-content\/uploads\/2021\/09\/entrega.svg\"\/>\n<\/div><\/div><\/div><div id=\"ultimate-heading-170369e65bd835154\" class=\"uvc-heading ult-adjust-bottom-margin ultimate-heading-170369e65bd835154 uvc-3538  uvc-heading-default-font-sizes\" data-hspacer=\"no_spacer\"  data-halign=\"center\" style=\"text-align:center\"><div class=\"uvc-heading-spacer no_spacer\" style=\"top\"><\/div><div class=\"uvc-main-heading ult-responsive\"  data-ultimate-target='.uvc-heading.ultimate-heading-170369e65bd835154 h4'  data-responsive-json-new='{\"font-size\":\"\",\"line-height\":\"\"}' ><h4 style=\"font-weight:bold;color:#9cc550;margin-top:15px;margin-bottom:10px;\">Transport<\/h4><\/div><\/div><\/div><\/div><\/div><div class=\"wpb_column vc_column_container vc_col-sm-3\"><div class=\"vc_column-inner\"><div class=\"wpb_wrapper\"><div class=\"ult-just-icon-wrapper\"><div class=\"align-icon\" style=\"text-align:center;\">\n<div class=\"aio-icon-img\" style=\"font-size:55px;background:#ffffff;border-style:solid;border-color:#9cc550;border-width:4px;padding:30px;border-radius:5px;display:inline-block;\" >\n\t<img decoding=\"async\" class=\"img-icon\" alt=\"null\" src=\"https:\/\/dev.linhambiente.pt\/wp-content\/uploads\/2021\/09\/valorizacao.svg\"\/>\n<\/div><\/div><\/div><div id=\"ultimate-heading-117069e65bd835c18\" class=\"uvc-heading ult-adjust-bottom-margin ultimate-heading-117069e65bd835c18 uvc-4378  uvc-heading-default-font-sizes\" data-hspacer=\"no_spacer\"  data-halign=\"center\" style=\"text-align:center\"><div class=\"uvc-heading-spacer no_spacer\" style=\"top\"><\/div><div class=\"uvc-main-heading ult-responsive\"  data-ultimate-target='.uvc-heading.ultimate-heading-117069e65bd835c18 h4'  data-responsive-json-new='{\"font-size\":\"\",\"line-height\":\"\"}' ><h4 style=\"font-weight:bold;color:#9cc550;margin-top:15px;margin-bottom:10px;\">Valorisation<\/h4><\/div><\/div><\/div><\/div><\/div><\/div><div class=\"vc_row wpb_row vc_row-fluid vc_custom_1634127382832\"><div class=\"wpb_column vc_column_container vc_col-sm-12\"><div class=\"vc_column-inner\"><div class=\"wpb_wrapper\"><div id=\"ultimate-heading-976469e65bd836625\" class=\"uvc-heading ult-adjust-bottom-margin ultimate-heading-976469e65bd836625 uvc-8340  uvc-heading-default-font-sizes\" data-hspacer=\"no_spacer\"  data-halign=\"center\" style=\"text-align:center\"><div class=\"uvc-heading-spacer no_spacer\" style=\"top\"><\/div><div class=\"uvc-main-heading ult-responsive\"  data-ultimate-target='.uvc-heading.ultimate-heading-976469e65bd836625 h2'  data-responsive-json-new='{\"font-size\":\"\",\"line-height\":\"\"}' ><h2 style=\"font-weight:bold;color:#000000;margin-bottom:20px;\">Waste Management Service - Different Solutions<\/h2><\/div><\/div>\n\t<div class=\"wpb_text_column wpb_content_element  vc_custom_1634127531760\" >\n\t\t<div class=\"wpb_wrapper\">\n\t\t\t<p style=\"text-align: center;\"><span style=\"font-weight: 400; color: #000000;\">Linhambiente's Waste Management Service operates in four major areas that focus on the following target markets:<\/span><\/p>\n\n\t\t<\/div>\n\t<\/div>\n<\/div><\/div><\/div><\/div><div class=\"vc_row wpb_row vc_row-fluid vc_custom_1639587024236\"><div class=\"wpb_column vc_column_container vc_col-sm-3\"><div class=\"vc_column-inner\"><div class=\"wpb_wrapper\">\n\t<div  class=\"wpb_single_image wpb_content_element vc_align_center  vc_custom_1639754983550\">\n\t\t\n\t\t<figure class=\"wpb_wrapper vc_figure\">\n\t\t\t<div class=\"vc_single_image-wrapper   vc_box_border_grey\"><img decoding=\"async\" class=\"vc_single_image-img\" src=\"https:\/\/dev.linhambiente.pt\/wp-content\/uploads\/2021\/12\/Linhambiente_Residuos_Industria_IBCs-580x380.jpg\" width=\"580\" height=\"380\" alt=\"IBC Containers for Industrial Waste Management\" title=\"IBC containers\"  data-dt-location=\"https:\/\/dev.linhambiente.pt\/en\/waste-management-services\/industrial-area\/linhambiente_residuos_industria_ibcs\/\" \/><\/div>\n\t\t<\/figure>\n\t<\/div>\n<div id=\"ultimate-heading-621669e65bd838afc\" class=\"uvc-heading ult-adjust-bottom-margin ultimate-heading-621669e65bd838afc uvc-728  uvc-heading-default-font-sizes\" data-hspacer=\"no_spacer\"  data-halign=\"left\" style=\"text-align:left\"><div class=\"uvc-heading-spacer no_spacer\" style=\"top\"><\/div><div class=\"uvc-main-heading ult-responsive\"  data-ultimate-target='.uvc-heading.ultimate-heading-621669e65bd838afc h3'  data-responsive-json-new='{\"font-size\":\"\",\"line-height\":\"\"}' ><h3 style=\"--font-weight:theme;color:#000000;margin-bottom:10px;\">Industrial Area<\/h3><\/div><\/div><style type=\"text\/css\" data-type=\"the7_shortcodes-inline-css\">#default-btn-b589730f722385d49841ba53760326ac.ico-right-side > i {\n  margin-right: 0px;\n  margin-left: 8px;\n}\n#default-btn-b589730f722385d49841ba53760326ac > i {\n  margin-right: 8px;\n}\n<\/style><a href=\"https:\/\/linhambiente.pt\/servico-gestao-de-residuos\/area-industrial\/\" class=\"default-btn-shortcode dt-btn dt-btn-m link-hover-off ico-right-side full-width-btn btn-inline-left\" id=\"default-btn-b589730f722385d49841ba53760326ac\" title=\"Industrial Area\"><span>More info<\/span><i class=\"icomoon-the7-font-the7-arrow-03\"><\/i><\/a><\/div><\/div><\/div><div class=\"wpb_column vc_column_container vc_col-sm-3\"><div class=\"vc_column-inner\"><div class=\"wpb_wrapper\">\n\t<div  class=\"wpb_single_image wpb_content_element vc_align_center  vc_custom_1639755003958\">\n\t\t\n\t\t<figure class=\"wpb_wrapper vc_figure\">\n\t\t\t<div class=\"vc_single_image-wrapper   vc_box_border_grey\"><img decoding=\"async\" class=\"vc_single_image-img\" src=\"https:\/\/dev.linhambiente.pt\/wp-content\/uploads\/2021\/12\/Linhambiente_Residuos_Retalho_Cartao-580x380.jpg\" width=\"580\" height=\"380\" alt=\"Management of Card Waste resulting from the Retail area\" title=\"Card Waste from Retail\"  data-dt-location=\"https:\/\/dev.linhambiente.pt\/en\/waste-management-services\/retail-area\/linhambiente_residuos_retalho_cartao\/\" \/><\/div>\n\t\t<\/figure>\n\t<\/div>\n<div id=\"ultimate-heading-115869e65bd83a3f6\" class=\"uvc-heading ult-adjust-bottom-margin ultimate-heading-115869e65bd83a3f6 uvc-2648  uvc-heading-default-font-sizes\" data-hspacer=\"no_spacer\"  data-halign=\"left\" style=\"text-align:left\"><div class=\"uvc-heading-spacer no_spacer\" style=\"top\"><\/div><div class=\"uvc-main-heading ult-responsive\"  data-ultimate-target='.uvc-heading.ultimate-heading-115869e65bd83a3f6 h3'  data-responsive-json-new='{\"font-size\":\"\",\"line-height\":\"\"}' ><h3 style=\"--font-weight:theme;color:#000000;margin-bottom:10px;\">Retail Area<\/h3><\/div><\/div><style type=\"text\/css\" data-type=\"the7_shortcodes-inline-css\">#default-btn-99ba2d5e5c556409e08194b2fb4883f5.ico-right-side > i {\n  margin-right: 0px;\n  margin-left: 8px;\n}\n#default-btn-99ba2d5e5c556409e08194b2fb4883f5 > i {\n  margin-right: 8px;\n}\n<\/style><a href=\"https:\/\/linhambiente.pt\/servico-gestao-de-residuos\/area-retalho\/\" class=\"default-btn-shortcode dt-btn dt-btn-m link-hover-off ico-right-side full-width-btn btn-inline-left\" id=\"default-btn-99ba2d5e5c556409e08194b2fb4883f5\" title=\"Retail Area\"><span>More info<\/span><i class=\"icomoon-the7-font-the7-arrow-03\"><\/i><\/a><\/div><\/div><\/div><div class=\"wpb_column vc_column_container vc_col-sm-3\"><div class=\"vc_column-inner\"><div class=\"wpb_wrapper\">\n\t<div  class=\"wpb_single_image wpb_content_element vc_align_center  vc_custom_1646237006207\">\n\t\t\n\t\t<figure class=\"wpb_wrapper vc_figure\">\n\t\t\t<div class=\"vc_single_image-wrapper   vc_box_border_grey\"><img decoding=\"async\" class=\"vc_single_image-img\" src=\"https:\/\/dev.linhambiente.pt\/wp-content\/uploads\/2022\/03\/MG_1314-min-scaled-580x380.jpg\" width=\"580\" height=\"380\" alt=\"Truck with \u201cpolibenne\u201d containers and trailer for agricultural waste management\" title=\"Truck with \u201cpolibenne\u201d containers and trailer\"  data-dt-location=\"https:\/\/dev.linhambiente.pt\/en\/waste-management-services\/agricultural-area\/_mg_1314-min\/\" \/><\/div>\n\t\t<\/figure>\n\t<\/div>\n<div id=\"ultimate-heading-334769e65bd83bb5d\" class=\"uvc-heading ult-adjust-bottom-margin ultimate-heading-334769e65bd83bb5d uvc-6005  uvc-heading-default-font-sizes\" data-hspacer=\"no_spacer\"  data-halign=\"left\" style=\"text-align:left\"><div class=\"uvc-heading-spacer no_spacer\" style=\"top\"><\/div><div class=\"uvc-main-heading ult-responsive\"  data-ultimate-target='.uvc-heading.ultimate-heading-334769e65bd83bb5d h3'  data-responsive-json-new='{\"font-size\":\"\",\"line-height\":\"\"}' ><h3 style=\"--font-weight:theme;color:#000000;margin-bottom:10px;\">Agricultural Area<\/h3><\/div><\/div><style type=\"text\/css\" data-type=\"the7_shortcodes-inline-css\">#default-btn-b12db8111ea1277eca2b01dbd7d7d334.ico-right-side > i {\n  margin-right: 0px;\n  margin-left: 8px;\n}\n#default-btn-b12db8111ea1277eca2b01dbd7d7d334 > i {\n  margin-right: 8px;\n}\n<\/style><a href=\"https:\/\/linhambiente.pt\/servico-gestao-de-residuos\/area-agricola\/\" class=\"default-btn-shortcode dt-btn dt-btn-m link-hover-off ico-right-side full-width-btn btn-inline-left\" id=\"default-btn-b12db8111ea1277eca2b01dbd7d7d334\" title=\"Agricultural Area\"><span>More info<\/span><i class=\"icomoon-the7-font-the7-arrow-03\"><\/i><\/a><\/div><\/div><\/div><div class=\"wpb_column vc_column_container vc_col-sm-3\"><div class=\"vc_column-inner\"><div class=\"wpb_wrapper\">\n\t<div  class=\"wpb_single_image wpb_content_element vc_align_center  vc_custom_1640622830746\">\n\t\t\n\t\t<figure class=\"wpb_wrapper vc_figure\">\n\t\t\t<div class=\"vc_single_image-wrapper   vc_box_border_grey\"><img decoding=\"async\" class=\"vc_single_image-img\" src=\"https:\/\/dev.linhambiente.pt\/wp-content\/uploads\/2021\/12\/Linhambiente_Gestao_Residuos_Construcao_Telhas_Tijolo-580x380.jpg\" width=\"580\" height=\"380\" alt=\"Tiles and Bricks resulting from Civil Construction to carry out the appropriate Waste Management\" title=\"Gest\u00e3o de Res\u00edduos de Obras de Constru\u00e7\u00e3o Civil - Telhas e Tijolos\"  data-dt-location=\"https:\/\/dev.linhambiente.pt\/en\/waste-management-services\/construction-area\/linhambiente_gestao_residuos_construcao_telhas_tijolo\/\" \/><\/div>\n\t\t<\/figure>\n\t<\/div>\n<div id=\"ultimate-heading-86169e65bd83d2b0\" class=\"uvc-heading ult-adjust-bottom-margin ultimate-heading-86169e65bd83d2b0 uvc-8908  uvc-heading-default-font-sizes\" data-hspacer=\"no_spacer\"  data-halign=\"left\" style=\"text-align:left\"><div class=\"uvc-heading-spacer no_spacer\" style=\"top\"><\/div><div class=\"uvc-main-heading ult-responsive\"  data-ultimate-target='.uvc-heading.ultimate-heading-86169e65bd83d2b0 h3'  data-responsive-json-new='{\"font-size\":\"\",\"line-height\":\"\"}' ><h3 style=\"--font-weight:theme;color:#000000;margin-bottom:10px;\">Construction Area<\/h3><\/div><\/div><style type=\"text\/css\" data-type=\"the7_shortcodes-inline-css\">#default-btn-d51f874df798597227db7be53e30ca4f.ico-right-side > i {\n  margin-right: 0px;\n  margin-left: 8px;\n}\n#default-btn-d51f874df798597227db7be53e30ca4f > i {\n  margin-right: 8px;\n}\n<\/style><a href=\"https:\/\/linhambiente.pt\/servico-gestao-de-residuos\/area-construcao-civil\/\" class=\"default-btn-shortcode dt-btn dt-btn-m link-hover-off ico-right-side full-width-btn btn-inline-left\" id=\"default-btn-d51f874df798597227db7be53e30ca4f\" title=\"Construction Area\"><span>More info<\/span><i class=\"icomoon-the7-font-the7-arrow-03\"><\/i><\/a><\/div><\/div><\/div><\/div><div class=\"vc_row wpb_row vc_row-fluid vc_custom_1634127382832\"><div class=\"wpb_column vc_column_container vc_col-sm-12\"><div class=\"vc_column-inner\"><div class=\"wpb_wrapper\"><div id=\"ultimate-heading-212169e65bd83df8e\" class=\"uvc-heading ult-adjust-bottom-margin ultimate-heading-212169e65bd83df8e uvc-2149  uvc-heading-default-font-sizes\" data-hspacer=\"no_spacer\"  data-halign=\"center\" style=\"text-align:center\"><div class=\"uvc-heading-spacer no_spacer\" style=\"top\"><\/div><div class=\"uvc-main-heading ult-responsive\"  data-ultimate-target='.uvc-heading.ultimate-heading-212169e65bd83df8e h2'  data-responsive-json-new='{\"font-size\":\"\",\"line-height\":\"\"}' ><h2 style=\"font-weight:bold;color:#000000;margin-bottom:20px;\">Other services<\/h2><\/div><\/div><\/div><\/div><\/div><\/div><div class=\"vc_row wpb_row vc_row-fluid vc_custom_1634127431312\"><div class=\"wpb_column vc_column_container vc_col-sm-3\"><div class=\"vc_column-inner\"><div class=\"wpb_wrapper\">\n\t<div  class=\"wpb_single_image wpb_content_element vc_align_center  vc_custom_1640622865984\">\n\t\t\n\t\t<figure class=\"wpb_wrapper vc_figure\">\n\t\t\t<div class=\"vc_single_image-wrapper   vc_box_border_grey\"><img decoding=\"async\" class=\"vc_single_image-img\" src=\"https:\/\/dev.linhambiente.pt\/wp-content\/uploads\/2021\/12\/Linhambiente_Gestao_Residuos_Electricos_Electronicos_Componentes_Computador-580x380.jpg\" width=\"580\" height=\"380\" alt=\"Linhambiente - Electronic and Electrical Waste Management from Computer Parts and Components\" title=\"Electronic Electrical Waste Management - Computer Parts and Components\"  data-dt-location=\"https:\/\/dev.linhambiente.pt\/en\/waste-management-services\/electronic-waste\/linhambiente_gestao_residuos_electricos_electronicos_componentes_computador\/\" \/><\/div>\n\t\t<\/figure>\n\t<\/div>\n<div id=\"ultimate-heading-564569e65bd83fa9b\" class=\"uvc-heading ult-adjust-bottom-margin ultimate-heading-564569e65bd83fa9b uvc-2143  uvc-heading-default-font-sizes\" data-hspacer=\"no_spacer\"  data-halign=\"left\" style=\"text-align:left\"><div class=\"uvc-heading-spacer no_spacer\" style=\"top\"><\/div><div class=\"uvc-main-heading ult-responsive\"  data-ultimate-target='.uvc-heading.ultimate-heading-564569e65bd83fa9b h3'  data-responsive-json-new='{\"font-size\":\"\",\"line-height\":\"\"}' ><h3 style=\"--font-weight:theme;color:#000000;margin-bottom:10px;\">Management of waste from electrical and electronic equipment (WEEE)<\/h3><\/div><\/div><style type=\"text\/css\" data-type=\"the7_shortcodes-inline-css\">#default-btn-5079b2befe58c93ab48aecae0c28012d.ico-right-side > i {\n  margin-right: 0px;\n  margin-left: 8px;\n}\n#default-btn-5079b2befe58c93ab48aecae0c28012d > i {\n  margin-right: 8px;\n}\n<\/style><a href=\"https:\/\/linhambiente.pt\/servico-gestao-de-residuos\/residuos-eletronicos\/\" class=\"default-btn-shortcode dt-btn dt-btn-m link-hover-off ico-right-side full-width-btn btn-inline-left\" id=\"default-btn-5079b2befe58c93ab48aecae0c28012d\" title=\"Electronic Waste (WEEE only)\"><span>More info<\/span><i class=\"icomoon-the7-font-the7-arrow-03\"><\/i><\/a><\/div><\/div><\/div><div class=\"wpb_column vc_column_container vc_col-sm-3\"><div class=\"vc_column-inner\"><div class=\"wpb_wrapper\">\n\t<div  class=\"wpb_single_image wpb_content_element vc_align_center  vc_custom_1640622880664\">\n\t\t\n\t\t<figure class=\"wpb_wrapper vc_figure\">\n\t\t\t<div class=\"vc_single_image-wrapper   vc_box_border_grey\"><img decoding=\"async\" class=\"vc_single_image-img\" src=\"https:\/\/dev.linhambiente.pt\/wp-content\/uploads\/2021\/12\/Linhambiente_Gestao_Residuos_Perigosos_Bidons-580x380.jpg\" width=\"580\" height=\"380\" alt=\"Linhambiente - Hazardous Waste Management of Metallic or Plastic Containers\" title=\"Gest\u00e3o de Res\u00edduos Perigosos - Bidons Metl\u00e1ticos ou de Pl\u00e1stico\"  data-dt-location=\"https:\/\/dev.linhambiente.pt\/en\/waste-management-services\/hazardous-waste\/linhambiente_gestao_residuos_perigosos_bidons\/\" \/><\/div>\n\t\t<\/figure>\n\t<\/div>\n<div id=\"ultimate-heading-475769e65bd8411e7\" class=\"uvc-heading ult-adjust-bottom-margin ultimate-heading-475769e65bd8411e7 uvc-6565  uvc-heading-default-font-sizes\" data-hspacer=\"no_spacer\"  data-halign=\"left\" style=\"text-align:left\"><div class=\"uvc-heading-spacer no_spacer\" style=\"top\"><\/div><div class=\"uvc-main-heading ult-responsive\"  data-ultimate-target='.uvc-heading.ultimate-heading-475769e65bd8411e7 h3'  data-responsive-json-new='{\"font-size\":\"\",\"line-height\":\"\"}' ><h3 style=\"--font-weight:theme;color:#000000;margin-bottom:10px;\">Hazardous waste management<\/h3><\/div><\/div><style type=\"text\/css\" data-type=\"the7_shortcodes-inline-css\">#default-btn-ea277a05de9ab983729d4011ec503d66.ico-right-side > i {\n  margin-right: 0px;\n  margin-left: 8px;\n}\n#default-btn-ea277a05de9ab983729d4011ec503d66 > i {\n  margin-right: 8px;\n}\n<\/style><a href=\"https:\/\/linhambiente.pt\/servico-gestao-de-residuos\/residuos-perigosos\/\" class=\"default-btn-shortcode dt-btn dt-btn-m link-hover-off ico-right-side full-width-btn btn-inline-left\" id=\"default-btn-ea277a05de9ab983729d4011ec503d66\" title=\"Hazardous Waste\"><span>More info<\/span><i class=\"icomoon-the7-font-the7-arrow-03\"><\/i><\/a><\/div><\/div><\/div><div class=\"wpb_column vc_column_container vc_col-sm-3\"><div class=\"vc_column-inner\"><div class=\"wpb_wrapper\">\n\t<div  class=\"wpb_single_image wpb_content_element vc_align_center  vc_custom_1639755166361\">\n\t\t\n\t\t<figure class=\"wpb_wrapper vc_figure\">\n\t\t\t<div class=\"vc_single_image-wrapper   vc_box_border_grey\"><img decoding=\"async\" class=\"vc_single_image-img\" src=\"https:\/\/dev.linhambiente.pt\/wp-content\/uploads\/2021\/12\/Linhambiente_Aluguer_Venda_Equipamentos_IBCs-580x380.jpg\" width=\"580\" height=\"380\" alt=\"Rental and Sale of IBC 1000l Containers at Linhambiente\" title=\"We rent and sell IBC 1000l Containers\"  data-dt-location=\"https:\/\/dev.linhambiente.pt\/en\/waste-management-services\/waste-equipment\/linhambiente_aluguer_venda_equipamentos_ibcs\/\" \/><\/div>\n\t\t<\/figure>\n\t<\/div>\n<div id=\"ultimate-heading-362569e65bd842934\" class=\"uvc-heading ult-adjust-bottom-margin ultimate-heading-362569e65bd842934 uvc-3880  uvc-heading-default-font-sizes\" data-hspacer=\"no_spacer\"  data-halign=\"left\" style=\"text-align:left\"><div class=\"uvc-heading-spacer no_spacer\" style=\"top\"><\/div><div class=\"uvc-main-heading ult-responsive\"  data-ultimate-target='.uvc-heading.ultimate-heading-362569e65bd842934 h3'  data-responsive-json-new='{\"font-size\":\"\",\"line-height\":\"\"}' ><h3 style=\"--font-weight:theme;color:#000000;margin-bottom:10px;\">Waste Management Equipment<\/h3><\/div><\/div><style type=\"text\/css\" data-type=\"the7_shortcodes-inline-css\">#default-btn-fc9b8d1d0fb0947d8f0c0ee8e25b3d57.ico-right-side > i {\n  margin-right: 0px;\n  margin-left: 8px;\n}\n#default-btn-fc9b8d1d0fb0947d8f0c0ee8e25b3d57 > i {\n  margin-right: 8px;\n}\n<\/style><a href=\"https:\/\/linhambiente.pt\/servico-gestao-de-residuos\/residuos-equipamentos\/\" class=\"default-btn-shortcode dt-btn dt-btn-m link-hover-off ico-right-side full-width-btn btn-inline-left\" id=\"default-btn-fc9b8d1d0fb0947d8f0c0ee8e25b3d57\" title=\"Waste Management Equipment\"><span>More info<\/span><i class=\"icomoon-the7-font-the7-arrow-03\"><\/i><\/a><\/div><\/div><\/div><div class=\"wpb_column vc_column_container vc_col-sm-3\"><div class=\"vc_column-inner\"><div class=\"wpb_wrapper\">\n\t<div  class=\"wpb_single_image wpb_content_element vc_align_center  vc_custom_1639755070511\">\n\t\t\n\t\t<figure class=\"wpb_wrapper vc_figure\">\n\t\t\t<div class=\"vc_single_image-wrapper   vc_box_border_grey\"><img decoding=\"async\" class=\"vc_single_image-img\" src=\"https:\/\/dev.linhambiente.pt\/wp-content\/uploads\/2021\/12\/Linhambiente_Servico_Limpeza_2-580x380.jpg\" width=\"580\" height=\"380\" alt=\"Industrial or Road Cleaning Services - Road Clearance\" title=\"Servi\u00e7os de Limpeza Industriais ou de Estradas - Desobstru\u00e7\u00e3o de Via Rodovi\u00e1ria\"  data-dt-location=\"https:\/\/dev.linhambiente.pt\/en\/waste-management-services\/cleaning-services\/linhambiente_servico_limpeza_2\/\" \/><\/div>\n\t\t<\/figure>\n\t<\/div>\n<div id=\"ultimate-heading-422769e65bd84407c\" class=\"uvc-heading ult-adjust-bottom-margin ultimate-heading-422769e65bd84407c uvc-9414  uvc-heading-default-font-sizes\" data-hspacer=\"no_spacer\"  data-halign=\"left\" style=\"text-align:left\"><div class=\"uvc-heading-spacer no_spacer\" style=\"top\"><\/div><div class=\"uvc-main-heading ult-responsive\"  data-ultimate-target='.uvc-heading.ultimate-heading-422769e65bd84407c h3'  data-responsive-json-new='{\"font-size\":\"\",\"line-height\":\"\"}' ><h3 style=\"--font-weight:theme;color:#000000;margin-bottom:10px;\">Cleaning services<\/h3><\/div><\/div><style type=\"text\/css\" data-type=\"the7_shortcodes-inline-css\">#default-btn-c987bb38335e71918fa0f8b835703a63.ico-right-side > i {\n  margin-right: 0px;\n  margin-left: 8px;\n}\n#default-btn-c987bb38335e71918fa0f8b835703a63 > i {\n  margin-right: 8px;\n}\n<\/style><a href=\"https:\/\/linhambiente.pt\/servico-gestao-de-residuos\/servico-limpeza\/\" class=\"default-btn-shortcode dt-btn dt-btn-m link-hover-off ico-right-side full-width-btn btn-inline-left\" id=\"default-btn-c987bb38335e71918fa0f8b835703a63\" title=\"Cleaning services\"><span>More info<\/span><i class=\"icomoon-the7-font-the7-arrow-03\"><\/i><\/a><\/div><\/div><\/div><\/div>","protected":false},"excerpt":{"rendered":"<p>Solu\u00e7\u00f5es integradas de gest\u00e3o de res\u00edduos para o seu neg\u00f3cio O que fazemos podemos fazer pelos res\u00edduos do seu n\u00e9gocio? Acondicionamento Recolha Transporte Valoriza\u00e7\u00e3oServi\u00e7o de Gest\u00e3o de Res\u00edduos \u2013 Diferentes Solu\u00e7\u00f5es O Servi\u00e7o de Gest\u00e3o de Res\u00edduos da Linhambiente opera em quatro grandes \u00e1reas que se focam nos seguintes mercados alvo: \u00c1rea Industrial \u00c1rea do&hellip;<\/p>","protected":false},"author":1,"featured_media":0,"parent":0,"menu_order":25,"comment_status":"closed","ping_status":"closed","template":"","meta":{"footnotes":""},"class_list":["post-12","page","type-page","status-publish","hentry","description-off"],"_links":{"self":[{"href":"https:\/\/dev.linhambiente.pt\/en\/wp-json\/wp\/v2\/pages\/12","targetHints":{"allow":["GET"]}}],"collection":[{"href":"https:\/\/dev.linhambiente.pt\/en\/wp-json\/wp\/v2\/pages"}],"about":[{"href":"https:\/\/dev.linhambiente.pt\/en\/wp-json\/wp\/v2\/types\/page"}],"author":[{"embeddable":true,"href":"https:\/\/dev.linhambiente.pt\/en\/wp-json\/wp\/v2\/users\/1"}],"replies":[{"embeddable":true,"href":"https:\/\/dev.linhambiente.pt\/en\/wp-json\/wp\/v2\/comments?post=12"}],"version-history":[{"count":69,"href":"https:\/\/dev.linhambiente.pt\/en\/wp-json\/wp\/v2\/pages\/12\/revisions"}],"predecessor-version":[{"id":1425,"href":"https:\/\/dev.linhambiente.pt\/en\/wp-json\/wp\/v2\/pages\/12\/revisions\/1425"}],"wp:attachment":[{"href":"https:\/\/dev.linhambiente.pt\/en\/wp-json\/wp\/v2\/media?parent=12"}],"curies":[{"name":"wp","href":"https:\/\/api.w.org\/{rel}","templated":true}]}}